{"id":3050,"date":"2020-12-09T12:54:14","date_gmt":"2020-12-09T12:54:14","guid":{"rendered":"https:\/\/coptech.rs\/ponuda-proizvoda\/nekategorizovano\/jedno-viseparicni-ili-sa-vise-trojki-pe-xlpe-or-pvc-izolacija-pojedinacni-i-zajednicki-ekran-ojacani-spoljasnji-pvc-plast-flame-retardant\/"},"modified":"2021-02-07T16:29:45","modified_gmt":"2021-02-07T16:29:45","slug":"jedno-viseparicni-ili-sa-vise-trojki-pe-xlpe-or-pvc-izolacija-pojedinacni-i-zajednicki-ekran-ojacani-spoljasnji-pvc-plast-flame-retardant","status":"publish","type":"product","link":"https:\/\/coptech.rs\/en\/product-offer\/cables-and-conductors\/telecommunication-cables\/copper-cables\/instrumentation-cables\/jedno-viseparicni-ili-sa-vise-trojki-pe-xlpe-or-pvc-izolacija-pojedinacni-i-zajednicki-ekran-ojacani-spoljasnji-pvc-plast-flame-retardant\/","title":{"rendered":"Jedno &amp; vi\u0161epari\u010dni ili sa vi\u0161e trojki, PE (XLPE or PVC) izolacija, pojedina\u010dni i zajedni\u010dki ekran, oja\u010dani spolja\u0161nji PVC pla\u0161t, flame retardant"},"content":{"rendered":"<div class=\"wpb-content-wrapper\"><p>[vc_row][vc_column width=&#8221;1\/2&#8243;][vc_column_text text_larger=&#8221;no&#8221;]<strong>Standard:<\/strong><br \/>\nEN 50288-7<br \/>\n<strong>KONSTRUKCIJA:<\/strong><br \/>\n<strong>Provodnik:<\/strong> Puni (kl. 1), pou\u017eeni (kl. 2)<br \/>\nili fleksibilni (kl. 5) bakarni provodnici<br \/>\n(meko \u017eareni ili kalajisani) (EN 60228)<br \/>\n<strong>Presek provodnika:<\/strong> 0,5 mm2, 0,75 mm2,<br \/>\n1,0 mm2, 1,3 mm2, 1,5 mm2, 2,5 mm2<br \/>\n<strong>Izolacija:<\/strong> polietilen (PE), umre\u017eeni polietilen (XLPE) ili polivinilhlorid (PVC)<br \/>\n<strong>Boje \u017eila:<\/strong> a-crna, b-bela (300V) ili b-plava (500V) (markirane brojevima), c-crvena<br \/>\n<strong>Elementi pou\u017eavanja:<\/strong> parice ili trojke<br \/>\n<strong>Pojedina\u010dni ekran:<\/strong> Aluminijum-poliester traka (Al\/PET) sa Cu kalajisanom \u017eicom za kontinuitet ekrana, uzdu\u017eno<br \/>\n<strong>Jezgro kabla:<\/strong> ekranizovane parice ili trojke pou\u017eene u slojevima<br \/>\n<strong>Obavijanje:<\/strong> Najmanje jedan sloj poliester trake<br \/>\n<strong>Zajedni\u010dki ekran:<\/strong> Aluminijum-poliester traka (Al\/PET) sa Cu kalajisanom uzicom za kontinuitet ekrana, uzdu\u017eno<br \/>\n<strong>Spolja\u0161nji pla\u0161t:<\/strong> specijalni polivinilhlorid (PVC), oja\u010dani (Yv), bez \u0161irenja plamena (-fl), crne ili plave boje RAL 5015 (samosigurnosni sistemi).<\/p>\n<p>Debljina spolja\u0161njeg oja\u010danog pla\u0161ta (Yv)<br \/>\nprema DIN VDE 0816 deo 1, tabela 7, kol. 1<br \/>\n<strong>Otpornost na plamen:<\/strong><br \/>\n&#8211; Samogasiv prema IEC 60332-1\/EN 60332-1\/<br \/>\nVDE 0482-332-1<br \/>\n&#8211; Bez \u0161irenja plamena u vertikalnom snopu kabla prema IEC 60332-3-24 kat. C<br \/>\n<strong>PRIMENA:<\/strong><br \/>\nKoriste se za prenos signala u instrumentaciji, pri analognoj i digitalnoj komunikaciji i kontroli aplikacija u procesnim postrojenjima, koja se nalaze u petrohemijskoj industriji i proizvodnji energije.<br \/>\nPreporu\u010duju se za unutra\u0161nju i spolja\u0161nju ugradnju, na regalima, plo\u010dama, u kanalima, na suvim i vla\u017enim lokacijama.<br \/>\n<strong>Dozvoljeno temperaturno podru\u010dje:<\/strong><br \/>\n&#8211; pri polaganju: od -5\u00b0C do +50\u00b0C<br \/>\n&#8211; pri radu (Y, 2Y): od -30\u00b0C do +70\u00b0C<br \/>\n&#8211; pri radu (2X): od -30\u00b0C do +90\u00b0C<br \/>\n<strong>Min. dozvoljeni radijus savijanja:<\/strong><br \/>\n&#8211; tokom rada max. 7,5D<br \/>\n(D \u2013 spolja\u0161nji pre\u010dnik kabla)[\/vc_column_text][\/vc_column][vc_column width=&#8221;1\/2&#8243;][\/vc_column][\/vc_row]<\/p>\n<\/div>","protected":false},"excerpt":{"rendered":"<p><strong>Standard:<\/strong><br \/>\nEN 50288-7<br \/>\n<strong>KONSTRUKCIJA:<\/strong><br \/>\n<strong>Provodnik:<\/strong> Puni (kl. 1), pou\u017eeni (kl. 2)<br \/>\nili fleksibilni (kl. 5) bakarni provodnici<br \/>\n(meko \u017eareni ili kalajisani) (EN 60228)<br \/>\n<strong>Presek provodnika:<\/strong> 0,5 mm2, 0,75 mm2<\/p>\n","protected":false},"featured_media":2752,"template":"","meta":[],"product_brand":[],"product_cat":[102],"product_tag":[],"class_list":{"0":"post-3050","1":"product","2":"type-product","3":"status-publish","4":"has-post-thumbnail","6":"product_cat-instrumentation-cables","8":"first","9":"instock","10":"shipping-taxable","11":"product-type-simple"},"yoast_head":"<!-- This site is optimized with the Yoast SEO plugin v27.3 - https:\/\/yoast.com\/product\/yoast-seo-wordpress\/ -->\n<title>Jedno &amp; vi\u0161epari\u010dni ili sa vi\u0161e trojki, PE (XLPE or PVC) izolacija, pojedina\u010dni i zajedni\u010dki ekran, oja\u010dani spolja\u0161nji PVC pla\u0161t, flame retardant - Coptech<\/title>\n<meta name=\"robots\" content=\"index, follow, max-snippet:-1, max-image-preview:large, max-video-preview:-1\" \/>\n<link rel=\"canonical\" href=\"https:\/\/coptech.rs\/product-offer\/kablovi-i-provodnici\/telekomunikaacioni-kablovi\/bakarni-kablovi\/instrumentalni-kablovi\/jedno-viseparicni-ili-sa-vise-trojki-pe-xlpe-or-pvc-izolacija-pojedinacni-i-zajednicki-ekran-ojacani-spoljasnji-pvc-plast-flame-retardant\/\" \/>\n<meta property=\"og:locale\" content=\"en_US\" \/>\n<meta property=\"og:type\" content=\"article\" \/>\n<meta property=\"og:title\" content=\"Jedno &amp; vi\u0161epari\u010dni ili sa vi\u0161e trojki, PE (XLPE or PVC) izolacija, pojedina\u010dni i zajedni\u010dki ekran, oja\u010dani spolja\u0161nji PVC pla\u0161t, flame retardant - Coptech\" \/>\n<meta property=\"og:description\" content=\"Standard: EN 50288-7 KONSTRUKCIJA: Provodnik: Puni (kl. 1), pou\u017eeni (kl. 2) ili fleksibilni (kl. 5) bakarni provodnici (meko \u017eareni ili kalajisani) (EN 60228) Presek provodnika: 0,5 mm2, 0,75 mm2\" \/>\n<meta property=\"og:url\" content=\"https:\/\/coptech.rs\/product-offer\/kablovi-i-provodnici\/telekomunikaacioni-kablovi\/bakarni-kablovi\/instrumentalni-kablovi\/jedno-viseparicni-ili-sa-vise-trojki-pe-xlpe-or-pvc-izolacija-pojedinacni-i-zajednicki-ekran-ojacani-spoljasnji-pvc-plast-flame-retardant\/\" \/>\n<meta property=\"og:site_name\" content=\"Coptech\" \/>\n<meta property=\"article:modified_time\" content=\"2021-02-07T16:29:45+00:00\" \/>\n<meta property=\"og:image\" content=\"https:\/\/coptech.rs\/wp-content\/uploads\/2020\/12\/Screenshot-2021-01-18-151406.jpg\" \/>\n\t<meta property=\"og:image:width\" content=\"600\" \/>\n\t<meta property=\"og:image:height\" content=\"600\" \/>\n\t<meta property=\"og:image:type\" content=\"image\/jpeg\" \/>\n<meta name=\"twitter:card\" content=\"summary_large_image\" \/>\n<meta name=\"twitter:label1\" content=\"Est. reading time\" \/>\n\t<meta name=\"twitter:data1\" content=\"1 minute\" \/>\n<script type=\"application\/ld+json\" class=\"yoast-schema-graph\">{\"@context\":\"https:\\\/\\\/schema.org\",\"@graph\":[{\"@type\":\"WebPage\",\"@id\":\"https:\\\/\\\/coptech.rs\\\/product-offer\\\/kablovi-i-provodnici\\\/telekomunikaacioni-kablovi\\\/bakarni-kablovi\\\/instrumentalni-kablovi\\\/jedno-viseparicni-ili-sa-vise-trojki-pe-xlpe-or-pvc-izolacija-pojedinacni-i-zajednicki-ekran-ojacani-spoljasnji-pvc-plast-flame-retardant\\\/\",\"url\":\"https:\\\/\\\/coptech.rs\\\/product-offer\\\/kablovi-i-provodnici\\\/telekomunikaacioni-kablovi\\\/bakarni-kablovi\\\/instrumentalni-kablovi\\\/jedno-viseparicni-ili-sa-vise-trojki-pe-xlpe-or-pvc-izolacija-pojedinacni-i-zajednicki-ekran-ojacani-spoljasnji-pvc-plast-flame-retardant\\\/\",\"name\":\"Jedno &amp; vi\u0161epari\u010dni ili sa vi\u0161e trojki, PE (XLPE or PVC) izolacija, pojedina\u010dni i zajedni\u010dki ekran, oja\u010dani spolja\u0161nji PVC pla\u0161t, flame retardant - Coptech\",\"isPartOf\":{\"@id\":\"https:\\\/\\\/coptech.rs\\\/#website\"},\"primaryImageOfPage\":{\"@id\":\"https:\\\/\\\/coptech.rs\\\/product-offer\\\/kablovi-i-provodnici\\\/telekomunikaacioni-kablovi\\\/bakarni-kablovi\\\/instrumentalni-kablovi\\\/jedno-viseparicni-ili-sa-vise-trojki-pe-xlpe-or-pvc-izolacija-pojedinacni-i-zajednicki-ekran-ojacani-spoljasnji-pvc-plast-flame-retardant\\\/#primaryimage\"},\"image\":{\"@id\":\"https:\\\/\\\/coptech.rs\\\/product-offer\\\/kablovi-i-provodnici\\\/telekomunikaacioni-kablovi\\\/bakarni-kablovi\\\/instrumentalni-kablovi\\\/jedno-viseparicni-ili-sa-vise-trojki-pe-xlpe-or-pvc-izolacija-pojedinacni-i-zajednicki-ekran-ojacani-spoljasnji-pvc-plast-flame-retardant\\\/#primaryimage\"},\"thumbnailUrl\":\"https:\\\/\\\/coptech.rs\\\/wp-content\\\/uploads\\\/2020\\\/12\\\/Screenshot-2021-01-18-151406.jpg\",\"datePublished\":\"2020-12-09T12:54:14+00:00\",\"dateModified\":\"2021-02-07T16:29:45+00:00\",\"breadcrumb\":{\"@id\":\"https:\\\/\\\/coptech.rs\\\/product-offer\\\/kablovi-i-provodnici\\\/telekomunikaacioni-kablovi\\\/bakarni-kablovi\\\/instrumentalni-kablovi\\\/jedno-viseparicni-ili-sa-vise-trojki-pe-xlpe-or-pvc-izolacija-pojedinacni-i-zajednicki-ekran-ojacani-spoljasnji-pvc-plast-flame-retardant\\\/#breadcrumb\"},\"inLanguage\":\"en-US\",\"potentialAction\":[{\"@type\":\"ReadAction\",\"target\":[\"https:\\\/\\\/coptech.rs\\\/product-offer\\\/kablovi-i-provodnici\\\/telekomunikaacioni-kablovi\\\/bakarni-kablovi\\\/instrumentalni-kablovi\\\/jedno-viseparicni-ili-sa-vise-trojki-pe-xlpe-or-pvc-izolacija-pojedinacni-i-zajednicki-ekran-ojacani-spoljasnji-pvc-plast-flame-retardant\\\/\"]}]},{\"@type\":\"ImageObject\",\"inLanguage\":\"en-US\",\"@id\":\"https:\\\/\\\/coptech.rs\\\/product-offer\\\/kablovi-i-provodnici\\\/telekomunikaacioni-kablovi\\\/bakarni-kablovi\\\/instrumentalni-kablovi\\\/jedno-viseparicni-ili-sa-vise-trojki-pe-xlpe-or-pvc-izolacija-pojedinacni-i-zajednicki-ekran-ojacani-spoljasnji-pvc-plast-flame-retardant\\\/#primaryimage\",\"url\":\"https:\\\/\\\/coptech.rs\\\/wp-content\\\/uploads\\\/2020\\\/12\\\/Screenshot-2021-01-18-151406.jpg\",\"contentUrl\":\"https:\\\/\\\/coptech.rs\\\/wp-content\\\/uploads\\\/2020\\\/12\\\/Screenshot-2021-01-18-151406.jpg\",\"width\":600,\"height\":600},{\"@type\":\"BreadcrumbList\",\"@id\":\"https:\\\/\\\/coptech.rs\\\/product-offer\\\/kablovi-i-provodnici\\\/telekomunikaacioni-kablovi\\\/bakarni-kablovi\\\/instrumentalni-kablovi\\\/jedno-viseparicni-ili-sa-vise-trojki-pe-xlpe-or-pvc-izolacija-pojedinacni-i-zajednicki-ekran-ojacani-spoljasnji-pvc-plast-flame-retardant\\\/#breadcrumb\",\"itemListElement\":[{\"@type\":\"ListItem\",\"position\":1,\"name\":\"Home\",\"item\":\"https:\\\/\\\/coptech.rs\\\/en\\\/\"},{\"@type\":\"ListItem\",\"position\":2,\"name\":\"Ponuda proizvoda\",\"item\":\"https:\\\/\\\/coptech.rs\\\/ponuda-proizvoda\\\/\"},{\"@type\":\"ListItem\",\"position\":3,\"name\":\"Jedno &amp; vi\u0161epari\u010dni ili sa vi\u0161e trojki, PE (XLPE or PVC) izolacija, pojedina\u010dni i zajedni\u010dki ekran, oja\u010dani spolja\u0161nji PVC pla\u0161t, flame retardant\"}]},{\"@type\":\"WebSite\",\"@id\":\"https:\\\/\\\/coptech.rs\\\/#website\",\"url\":\"https:\\\/\\\/coptech.rs\\\/\",\"name\":\"Coptech\",\"description\":\"Coptech kablovi i pribor\",\"publisher\":{\"@id\":\"https:\\\/\\\/coptech.rs\\\/#organization\"},\"potentialAction\":[{\"@type\":\"SearchAction\",\"target\":{\"@type\":\"EntryPoint\",\"urlTemplate\":\"https:\\\/\\\/coptech.rs\\\/?s={search_term_string}\"},\"query-input\":{\"@type\":\"PropertyValueSpecification\",\"valueRequired\":true,\"valueName\":\"search_term_string\"}}],\"inLanguage\":\"en-US\"},{\"@type\":\"Organization\",\"@id\":\"https:\\\/\\\/coptech.rs\\\/#organization\",\"name\":\"Coptech Beograd\",\"url\":\"https:\\\/\\\/coptech.rs\\\/\",\"logo\":{\"@type\":\"ImageObject\",\"inLanguage\":\"en-US\",\"@id\":\"https:\\\/\\\/coptech.rs\\\/#\\\/schema\\\/logo\\\/image\\\/\",\"url\":\"https:\\\/\\\/coptech.rs\\\/wp-content\\\/uploads\\\/2020\\\/12\\\/coptech-logo.png\",\"contentUrl\":\"https:\\\/\\\/coptech.rs\\\/wp-content\\\/uploads\\\/2020\\\/12\\\/coptech-logo.png\",\"width\":357,\"height\":200,\"caption\":\"Coptech Beograd\"},\"image\":{\"@id\":\"https:\\\/\\\/coptech.rs\\\/#\\\/schema\\\/logo\\\/image\\\/\"}}]}<\/script>\n<!-- \/ Yoast SEO plugin. -->","yoast_head_json":{"title":"Jedno &amp; vi\u0161epari\u010dni ili sa vi\u0161e trojki, PE (XLPE or PVC) izolacija, pojedina\u010dni i zajedni\u010dki ekran, oja\u010dani spolja\u0161nji PVC pla\u0161t, flame retardant - Coptech","robots":{"index":"index","follow":"follow","max-snippet":"max-snippet:-1","max-image-preview":"max-image-preview:large","max-video-preview":"max-video-preview:-1"},"canonical":"https:\/\/coptech.rs\/product-offer\/kablovi-i-provodnici\/telekomunikaacioni-kablovi\/bakarni-kablovi\/instrumentalni-kablovi\/jedno-viseparicni-ili-sa-vise-trojki-pe-xlpe-or-pvc-izolacija-pojedinacni-i-zajednicki-ekran-ojacani-spoljasnji-pvc-plast-flame-retardant\/","og_locale":"en_US","og_type":"article","og_title":"Jedno &amp; vi\u0161epari\u010dni ili sa vi\u0161e trojki, PE (XLPE or PVC) izolacija, pojedina\u010dni i zajedni\u010dki ekran, oja\u010dani spolja\u0161nji PVC pla\u0161t, flame retardant - Coptech","og_description":"Standard: EN 50288-7 KONSTRUKCIJA: Provodnik: Puni (kl. 1), pou\u017eeni (kl. 2) ili fleksibilni (kl. 5) bakarni provodnici (meko \u017eareni ili kalajisani) (EN 60228) Presek provodnika: 0,5 mm2, 0,75 mm2","og_url":"https:\/\/coptech.rs\/product-offer\/kablovi-i-provodnici\/telekomunikaacioni-kablovi\/bakarni-kablovi\/instrumentalni-kablovi\/jedno-viseparicni-ili-sa-vise-trojki-pe-xlpe-or-pvc-izolacija-pojedinacni-i-zajednicki-ekran-ojacani-spoljasnji-pvc-plast-flame-retardant\/","og_site_name":"Coptech","article_modified_time":"2021-02-07T16:29:45+00:00","og_image":[{"width":600,"height":600,"url":"https:\/\/coptech.rs\/wp-content\/uploads\/2020\/12\/Screenshot-2021-01-18-151406.jpg","type":"image\/jpeg"}],"twitter_card":"summary_large_image","twitter_misc":{"Est. reading time":"1 minute"},"schema":{"@context":"https:\/\/schema.org","@graph":[{"@type":"WebPage","@id":"https:\/\/coptech.rs\/product-offer\/kablovi-i-provodnici\/telekomunikaacioni-kablovi\/bakarni-kablovi\/instrumentalni-kablovi\/jedno-viseparicni-ili-sa-vise-trojki-pe-xlpe-or-pvc-izolacija-pojedinacni-i-zajednicki-ekran-ojacani-spoljasnji-pvc-plast-flame-retardant\/","url":"https:\/\/coptech.rs\/product-offer\/kablovi-i-provodnici\/telekomunikaacioni-kablovi\/bakarni-kablovi\/instrumentalni-kablovi\/jedno-viseparicni-ili-sa-vise-trojki-pe-xlpe-or-pvc-izolacija-pojedinacni-i-zajednicki-ekran-ojacani-spoljasnji-pvc-plast-flame-retardant\/","name":"Jedno &amp; vi\u0161epari\u010dni ili sa vi\u0161e trojki, PE (XLPE or PVC) izolacija, pojedina\u010dni i zajedni\u010dki ekran, oja\u010dani spolja\u0161nji PVC pla\u0161t, flame retardant - Coptech","isPartOf":{"@id":"https:\/\/coptech.rs\/#website"},"primaryImageOfPage":{"@id":"https:\/\/coptech.rs\/product-offer\/kablovi-i-provodnici\/telekomunikaacioni-kablovi\/bakarni-kablovi\/instrumentalni-kablovi\/jedno-viseparicni-ili-sa-vise-trojki-pe-xlpe-or-pvc-izolacija-pojedinacni-i-zajednicki-ekran-ojacani-spoljasnji-pvc-plast-flame-retardant\/#primaryimage"},"image":{"@id":"https:\/\/coptech.rs\/product-offer\/kablovi-i-provodnici\/telekomunikaacioni-kablovi\/bakarni-kablovi\/instrumentalni-kablovi\/jedno-viseparicni-ili-sa-vise-trojki-pe-xlpe-or-pvc-izolacija-pojedinacni-i-zajednicki-ekran-ojacani-spoljasnji-pvc-plast-flame-retardant\/#primaryimage"},"thumbnailUrl":"https:\/\/coptech.rs\/wp-content\/uploads\/2020\/12\/Screenshot-2021-01-18-151406.jpg","datePublished":"2020-12-09T12:54:14+00:00","dateModified":"2021-02-07T16:29:45+00:00","breadcrumb":{"@id":"https:\/\/coptech.rs\/product-offer\/kablovi-i-provodnici\/telekomunikaacioni-kablovi\/bakarni-kablovi\/instrumentalni-kablovi\/jedno-viseparicni-ili-sa-vise-trojki-pe-xlpe-or-pvc-izolacija-pojedinacni-i-zajednicki-ekran-ojacani-spoljasnji-pvc-plast-flame-retardant\/#breadcrumb"},"inLanguage":"en-US","potentialAction":[{"@type":"ReadAction","target":["https:\/\/coptech.rs\/product-offer\/kablovi-i-provodnici\/telekomunikaacioni-kablovi\/bakarni-kablovi\/instrumentalni-kablovi\/jedno-viseparicni-ili-sa-vise-trojki-pe-xlpe-or-pvc-izolacija-pojedinacni-i-zajednicki-ekran-ojacani-spoljasnji-pvc-plast-flame-retardant\/"]}]},{"@type":"ImageObject","inLanguage":"en-US","@id":"https:\/\/coptech.rs\/product-offer\/kablovi-i-provodnici\/telekomunikaacioni-kablovi\/bakarni-kablovi\/instrumentalni-kablovi\/jedno-viseparicni-ili-sa-vise-trojki-pe-xlpe-or-pvc-izolacija-pojedinacni-i-zajednicki-ekran-ojacani-spoljasnji-pvc-plast-flame-retardant\/#primaryimage","url":"https:\/\/coptech.rs\/wp-content\/uploads\/2020\/12\/Screenshot-2021-01-18-151406.jpg","contentUrl":"https:\/\/coptech.rs\/wp-content\/uploads\/2020\/12\/Screenshot-2021-01-18-151406.jpg","width":600,"height":600},{"@type":"BreadcrumbList","@id":"https:\/\/coptech.rs\/product-offer\/kablovi-i-provodnici\/telekomunikaacioni-kablovi\/bakarni-kablovi\/instrumentalni-kablovi\/jedno-viseparicni-ili-sa-vise-trojki-pe-xlpe-or-pvc-izolacija-pojedinacni-i-zajednicki-ekran-ojacani-spoljasnji-pvc-plast-flame-retardant\/#breadcrumb","itemListElement":[{"@type":"ListItem","position":1,"name":"Home","item":"https:\/\/coptech.rs\/en\/"},{"@type":"ListItem","position":2,"name":"Ponuda proizvoda","item":"https:\/\/coptech.rs\/ponuda-proizvoda\/"},{"@type":"ListItem","position":3,"name":"Jedno &amp; vi\u0161epari\u010dni ili sa vi\u0161e trojki, PE (XLPE or PVC) izolacija, pojedina\u010dni i zajedni\u010dki ekran, oja\u010dani spolja\u0161nji PVC pla\u0161t, flame retardant"}]},{"@type":"WebSite","@id":"https:\/\/coptech.rs\/#website","url":"https:\/\/coptech.rs\/","name":"Coptech","description":"Coptech kablovi i pribor","publisher":{"@id":"https:\/\/coptech.rs\/#organization"},"potentialAction":[{"@type":"SearchAction","target":{"@type":"EntryPoint","urlTemplate":"https:\/\/coptech.rs\/?s={search_term_string}"},"query-input":{"@type":"PropertyValueSpecification","valueRequired":true,"valueName":"search_term_string"}}],"inLanguage":"en-US"},{"@type":"Organization","@id":"https:\/\/coptech.rs\/#organization","name":"Coptech Beograd","url":"https:\/\/coptech.rs\/","logo":{"@type":"ImageObject","inLanguage":"en-US","@id":"https:\/\/coptech.rs\/#\/schema\/logo\/image\/","url":"https:\/\/coptech.rs\/wp-content\/uploads\/2020\/12\/coptech-logo.png","contentUrl":"https:\/\/coptech.rs\/wp-content\/uploads\/2020\/12\/coptech-logo.png","width":357,"height":200,"caption":"Coptech Beograd"},"image":{"@id":"https:\/\/coptech.rs\/#\/schema\/logo\/image\/"}}]}},"_links":{"self":[{"href":"https:\/\/coptech.rs\/en\/wp-json\/wp\/v2\/product\/3050","targetHints":{"allow":["GET"]}}],"collection":[{"href":"https:\/\/coptech.rs\/en\/wp-json\/wp\/v2\/product"}],"about":[{"href":"https:\/\/coptech.rs\/en\/wp-json\/wp\/v2\/types\/product"}],"wp:featuredmedia":[{"embeddable":true,"href":"https:\/\/coptech.rs\/en\/wp-json\/wp\/v2\/media\/2752"}],"wp:attachment":[{"href":"https:\/\/coptech.rs\/en\/wp-json\/wp\/v2\/media?parent=3050"}],"wp:term":[{"taxonomy":"product_brand","embeddable":true,"href":"https:\/\/coptech.rs\/en\/wp-json\/wp\/v2\/product_brand?post=3050"},{"taxonomy":"product_cat","embeddable":true,"href":"https:\/\/coptech.rs\/en\/wp-json\/wp\/v2\/product_cat?post=3050"},{"taxonomy":"product_tag","embeddable":true,"href":"https:\/\/coptech.rs\/en\/wp-json\/wp\/v2\/product_tag?post=3050"}],"curies":[{"name":"wp","href":"https:\/\/api.w.org\/{rel}","templated":true}]}}