{"id":2996,"date":"2020-12-10T11:17:34","date_gmt":"2020-12-10T11:17:34","guid":{"rendered":"https:\/\/coptech.rs\/ponuda-proizvoda\/nekategorizovano\/nhxhx-bezhalogeni-kabl-sa-poboljsanim-osobinama-u-uslovima-pozara\/"},"modified":"2021-02-07T16:29:04","modified_gmt":"2021-02-07T16:29:04","slug":"nhxhx-bezhalogeni-kabl-sa-poboljsanim-osobinama-u-uslovima-pozara","status":"publish","type":"product","link":"https:\/\/coptech.rs\/en\/product-offer\/cables-and-conductors\/power-cables\/halogen-free-conductors-and-cables\/nhxhx-bezhalogeni-kabl-sa-poboljsanim-osobinama-u-uslovima-pozara\/","title":{"rendered":"NHXHX \u2013 Bezhalogeni kabl sa pobolj\u0161anim osobinama u uslovima po\u017eara"},"content":{"rendered":"<div class=\"wpb-content-wrapper\"><p>[vc_row][vc_column width=&#8221;1\/2&#8243;][vc_column_text text_larger=&#8221;no&#8221;]<strong>Standard:<\/strong> DIN VDE 0266<br \/>\n<strong>Naponski nivo U0\/U:<\/strong> 0,6\/1 kV<br \/>\n<strong>Ispitni napon:<\/strong> 4 kV<br \/>\n<strong>\u041a\u041eNSTRUKCIJA<\/strong><br \/>\n<strong>Provodnik:<\/strong> meko \u017earen bakarni provodnik, klase 1 ili vi\u0161e\u017ei\u010dni klase 2, prema<br \/>\nDIN VDE 0295, IEC 60228<br \/>\n<strong>Izolacija:<\/strong> umre\u017eeni polimer bez halogena, HXI1 prema DIN VDE 0266<br \/>\n<strong>Jezgro kabla:<\/strong> \u017eile koncentri\u010dno pou\u017eene i bojom ozna\u010dene prema HD 308 S2\/VDE 0293-308, sa za\u0161titnim \u017euto-zelenim provodnikom ili bez njega<br \/>\n<strong>Ispuna:<\/strong> ekstrudovani bezhalogeni sloj preko pou\u017eenih \u017eila.<br \/>\n<strong>Pla\u0161t:<\/strong> bezhalogena umre\u017eena, sporo goriva, me\u0161avina na bazi poliolefina (HXM1, prema DIN VDE 0266).<br \/>\n<strong>Boja pla\u0161ta:<\/strong> crna za energetske kablove, a plava za kabl koji se koristi za samosigurnosne ure\u0111aje.<br \/>\n<strong>Samogasivost:<\/strong> IEC 60332-1<br \/>\n<strong>Bez \u0161irenja plamena:<\/strong> IEC 60332-3 kat. C<br \/>\n<strong>Bezhalogenost:<\/strong> IEC 60754-1<br \/>\n<strong>Nekorozivni gasovi sagorevanja:<\/strong> IEC 60754-2<br \/>\n<strong>Niska gustina dima:<\/strong> IEC 61034-2<\/p>\n<p><strong>PRIMENA<\/strong><br \/>\nKabl \u0458\u0435 namenjen za instalacije u zgradama sa pove\u0107anim zahtevima za bezbednost ljudi i imovine, u zgradama u kojima je ote\u017eano spa\u0161avanje ljudi i \u017eivotinja &#8211; visoki objekti svih namena, javni, poslovni i drugi objekti za koje je va\u017eno da ne do\u0111e do brzog \u0161irenja po\u017eara i ugro\u017eavanja ljudi dimom. Dozvoljeno je i postavljanje na otvorenom prostoru. Polaganje neposredno u zemlju ili vodu nije dozvoljeno.<br \/>\n<strong>Dozvoljena temperatura provodnika:<\/strong><br \/>\n&#8211; najvi\u0161a radna temperatura +90\u00b0C<br \/>\n&#8211; u kratkom spoju (najdu\u017ee 5 s), najvi\u0161a +250\u00b0C<br \/>\n<strong>Dozvoljena temperatura okoline:<\/strong><br \/>\n&#8211; pri polaganju, min. +5\u00b0C do +50\u00b0C<br \/>\n<strong>NAJMANJI POLUPRE\u010cNIK SAVIJANJA:<\/strong><br \/>\n&#8211; jedno\u017eilni kablovi 15D; (D &#8211; pre\u010dnik kabla)<br \/>\n&#8211; vi\u0161e\u017eilni kablovi 12D[\/vc_column_text][\/vc_column][vc_column width=&#8221;1\/2&#8243;][vc_single_image image=&#8221;2638&#8243; img_size=&#8221;full&#8221; alignment=&#8221;center&#8221; style=&#8221;vc_box_shadow_border&#8221; onclick=&#8221;link_image&#8221; parallax_scroll=&#8221;no&#8221;][\/vc_column][\/vc_row]<\/p>\n<\/div>","protected":false},"excerpt":{"rendered":"<p><strong>Standard:<\/strong> DIN VDE 0266<br \/>\n<strong>Naponski nivo U0\/U:<\/strong> 0,6\/1 kV<br \/>\n<strong>Ispitni napon:<\/strong> 4 kV<br \/>\n<strong>\u041a\u041eNSTRUKCIJA<\/strong><br \/>\n<strong>Provodnik:<\/strong> meko \u017earen bakarni provodnik, klase 1 ili vi\u0161e\u017ei\u010dni klase 2, prema<br \/>\nDIN VDE 0295, IEC 60228<br \/>\n<strong>Izolacija:<\/strong> umre\u017eeni polimer bez halogena, HXI1 prema DIN VDE 0266<br \/>\n<strong>Jezgro kabla:<\/strong> \u017eile koncentri\u010dno pou\u017eene i bojom ozna\u010dene prema HD 308 S2\/VDE 0293-308, sa za\u0161titnim \u017euto-zelenim provodnikom ili bez njega<\/p>\n","protected":false},"featured_media":2639,"template":"","meta":[],"product_brand":[],"product_cat":[88],"product_tag":[],"class_list":{"0":"post-2996","1":"product","2":"type-product","3":"status-publish","4":"has-post-thumbnail","6":"product_cat-halogen-free-conductors-and-cables","8":"first","9":"instock","10":"shipping-taxable","11":"product-type-simple"},"yoast_head":"<!-- This site is optimized with the Yoast SEO plugin v27.3 - https:\/\/yoast.com\/product\/yoast-seo-wordpress\/ -->\n<title>NHXHX \u2013 Bezhalogeni kabl sa pobolj\u0161anim osobinama u uslovima po\u017eara - Coptech<\/title>\n<meta name=\"robots\" content=\"index, follow, max-snippet:-1, max-image-preview:large, max-video-preview:-1\" \/>\n<link rel=\"canonical\" href=\"https:\/\/coptech.rs\/en\/product-offer\/cables-and-conductors\/power-cables\/halogen-free-conductors-and-cables\/nhxhx-bezhalogeni-kabl-sa-poboljsanim-osobinama-u-uslovima-pozara\/\" \/>\n<meta property=\"og:locale\" content=\"en_US\" \/>\n<meta property=\"og:type\" content=\"article\" \/>\n<meta property=\"og:title\" content=\"NHXHX \u2013 Bezhalogeni kabl sa pobolj\u0161anim osobinama u uslovima po\u017eara - Coptech\" \/>\n<meta property=\"og:description\" content=\"Standard: DIN VDE 0266 Naponski nivo U0\/U: 0,6\/1 kV Ispitni napon: 4 kV \u041a\u041eNSTRUKCIJA Provodnik: meko \u017earen bakarni provodnik, klase 1 ili vi\u0161e\u017ei\u010dni klase 2, prema DIN VDE 0295, IEC 60228 Izolacija: umre\u017eeni polimer bez halogena, HXI1 prema DIN VDE 0266 Jezgro kabla: \u017eile koncentri\u010dno pou\u017eene i bojom ozna\u010dene prema HD 308 S2\/VDE 0293-308, sa za\u0161titnim \u017euto-zelenim provodnikom ili bez njega\" \/>\n<meta property=\"og:url\" content=\"https:\/\/coptech.rs\/en\/product-offer\/cables-and-conductors\/power-cables\/halogen-free-conductors-and-cables\/nhxhx-bezhalogeni-kabl-sa-poboljsanim-osobinama-u-uslovima-pozara\/\" \/>\n<meta property=\"og:site_name\" content=\"Coptech\" \/>\n<meta property=\"article:modified_time\" content=\"2021-02-07T16:29:04+00:00\" \/>\n<meta property=\"og:image\" content=\"https:\/\/coptech.rs\/wp-content\/uploads\/2020\/12\/image045.jpg\" \/>\n\t<meta property=\"og:image:width\" content=\"625\" \/>\n\t<meta property=\"og:image:height\" content=\"625\" \/>\n\t<meta property=\"og:image:type\" content=\"image\/jpeg\" \/>\n<meta name=\"twitter:card\" content=\"summary_large_image\" \/>\n<meta name=\"twitter:label1\" content=\"Est. reading time\" \/>\n\t<meta name=\"twitter:data1\" content=\"1 minute\" \/>\n<script type=\"application\/ld+json\" class=\"yoast-schema-graph\">{\"@context\":\"https:\\\/\\\/schema.org\",\"@graph\":[{\"@type\":\"WebPage\",\"@id\":\"https:\\\/\\\/coptech.rs\\\/en\\\/product-offer\\\/cables-and-conductors\\\/power-cables\\\/halogen-free-conductors-and-cables\\\/nhxhx-bezhalogeni-kabl-sa-poboljsanim-osobinama-u-uslovima-pozara\\\/\",\"url\":\"https:\\\/\\\/coptech.rs\\\/en\\\/product-offer\\\/cables-and-conductors\\\/power-cables\\\/halogen-free-conductors-and-cables\\\/nhxhx-bezhalogeni-kabl-sa-poboljsanim-osobinama-u-uslovima-pozara\\\/\",\"name\":\"NHXHX \u2013 Bezhalogeni kabl sa pobolj\u0161anim osobinama u uslovima po\u017eara - Coptech\",\"isPartOf\":{\"@id\":\"https:\\\/\\\/coptech.rs\\\/#website\"},\"primaryImageOfPage\":{\"@id\":\"https:\\\/\\\/coptech.rs\\\/en\\\/product-offer\\\/cables-and-conductors\\\/power-cables\\\/halogen-free-conductors-and-cables\\\/nhxhx-bezhalogeni-kabl-sa-poboljsanim-osobinama-u-uslovima-pozara\\\/#primaryimage\"},\"image\":{\"@id\":\"https:\\\/\\\/coptech.rs\\\/en\\\/product-offer\\\/cables-and-conductors\\\/power-cables\\\/halogen-free-conductors-and-cables\\\/nhxhx-bezhalogeni-kabl-sa-poboljsanim-osobinama-u-uslovima-pozara\\\/#primaryimage\"},\"thumbnailUrl\":\"https:\\\/\\\/coptech.rs\\\/wp-content\\\/uploads\\\/2020\\\/12\\\/image045.jpg\",\"datePublished\":\"2020-12-10T11:17:34+00:00\",\"dateModified\":\"2021-02-07T16:29:04+00:00\",\"breadcrumb\":{\"@id\":\"https:\\\/\\\/coptech.rs\\\/en\\\/product-offer\\\/cables-and-conductors\\\/power-cables\\\/halogen-free-conductors-and-cables\\\/nhxhx-bezhalogeni-kabl-sa-poboljsanim-osobinama-u-uslovima-pozara\\\/#breadcrumb\"},\"inLanguage\":\"en-US\",\"potentialAction\":[{\"@type\":\"ReadAction\",\"target\":[\"https:\\\/\\\/coptech.rs\\\/en\\\/product-offer\\\/cables-and-conductors\\\/power-cables\\\/halogen-free-conductors-and-cables\\\/nhxhx-bezhalogeni-kabl-sa-poboljsanim-osobinama-u-uslovima-pozara\\\/\"]}]},{\"@type\":\"ImageObject\",\"inLanguage\":\"en-US\",\"@id\":\"https:\\\/\\\/coptech.rs\\\/en\\\/product-offer\\\/cables-and-conductors\\\/power-cables\\\/halogen-free-conductors-and-cables\\\/nhxhx-bezhalogeni-kabl-sa-poboljsanim-osobinama-u-uslovima-pozara\\\/#primaryimage\",\"url\":\"https:\\\/\\\/coptech.rs\\\/wp-content\\\/uploads\\\/2020\\\/12\\\/image045.jpg\",\"contentUrl\":\"https:\\\/\\\/coptech.rs\\\/wp-content\\\/uploads\\\/2020\\\/12\\\/image045.jpg\",\"width\":625,\"height\":625},{\"@type\":\"BreadcrumbList\",\"@id\":\"https:\\\/\\\/coptech.rs\\\/en\\\/product-offer\\\/cables-and-conductors\\\/power-cables\\\/halogen-free-conductors-and-cables\\\/nhxhx-bezhalogeni-kabl-sa-poboljsanim-osobinama-u-uslovima-pozara\\\/#breadcrumb\",\"itemListElement\":[{\"@type\":\"ListItem\",\"position\":1,\"name\":\"Home\",\"item\":\"https:\\\/\\\/coptech.rs\\\/en\\\/\"},{\"@type\":\"ListItem\",\"position\":2,\"name\":\"Ponuda proizvoda\",\"item\":\"https:\\\/\\\/coptech.rs\\\/ponuda-proizvoda\\\/\"},{\"@type\":\"ListItem\",\"position\":3,\"name\":\"NHXHX \u2013 Bezhalogeni kabl sa pobolj\u0161anim osobinama u uslovima po\u017eara\"}]},{\"@type\":\"WebSite\",\"@id\":\"https:\\\/\\\/coptech.rs\\\/#website\",\"url\":\"https:\\\/\\\/coptech.rs\\\/\",\"name\":\"Coptech\",\"description\":\"Coptech kablovi i pribor\",\"publisher\":{\"@id\":\"https:\\\/\\\/coptech.rs\\\/#organization\"},\"potentialAction\":[{\"@type\":\"SearchAction\",\"target\":{\"@type\":\"EntryPoint\",\"urlTemplate\":\"https:\\\/\\\/coptech.rs\\\/?s={search_term_string}\"},\"query-input\":{\"@type\":\"PropertyValueSpecification\",\"valueRequired\":true,\"valueName\":\"search_term_string\"}}],\"inLanguage\":\"en-US\"},{\"@type\":\"Organization\",\"@id\":\"https:\\\/\\\/coptech.rs\\\/#organization\",\"name\":\"Coptech Beograd\",\"url\":\"https:\\\/\\\/coptech.rs\\\/\",\"logo\":{\"@type\":\"ImageObject\",\"inLanguage\":\"en-US\",\"@id\":\"https:\\\/\\\/coptech.rs\\\/#\\\/schema\\\/logo\\\/image\\\/\",\"url\":\"https:\\\/\\\/coptech.rs\\\/wp-content\\\/uploads\\\/2020\\\/12\\\/coptech-logo.png\",\"contentUrl\":\"https:\\\/\\\/coptech.rs\\\/wp-content\\\/uploads\\\/2020\\\/12\\\/coptech-logo.png\",\"width\":357,\"height\":200,\"caption\":\"Coptech Beograd\"},\"image\":{\"@id\":\"https:\\\/\\\/coptech.rs\\\/#\\\/schema\\\/logo\\\/image\\\/\"}}]}<\/script>\n<!-- \/ Yoast SEO plugin. -->","yoast_head_json":{"title":"NHXHX \u2013 Bezhalogeni kabl sa pobolj\u0161anim osobinama u uslovima po\u017eara - Coptech","robots":{"index":"index","follow":"follow","max-snippet":"max-snippet:-1","max-image-preview":"max-image-preview:large","max-video-preview":"max-video-preview:-1"},"canonical":"https:\/\/coptech.rs\/en\/product-offer\/cables-and-conductors\/power-cables\/halogen-free-conductors-and-cables\/nhxhx-bezhalogeni-kabl-sa-poboljsanim-osobinama-u-uslovima-pozara\/","og_locale":"en_US","og_type":"article","og_title":"NHXHX \u2013 Bezhalogeni kabl sa pobolj\u0161anim osobinama u uslovima po\u017eara - Coptech","og_description":"Standard: DIN VDE 0266 Naponski nivo U0\/U: 0,6\/1 kV Ispitni napon: 4 kV \u041a\u041eNSTRUKCIJA Provodnik: meko \u017earen bakarni provodnik, klase 1 ili vi\u0161e\u017ei\u010dni klase 2, prema DIN VDE 0295, IEC 60228 Izolacija: umre\u017eeni polimer bez halogena, HXI1 prema DIN VDE 0266 Jezgro kabla: \u017eile koncentri\u010dno pou\u017eene i bojom ozna\u010dene prema HD 308 S2\/VDE 0293-308, sa za\u0161titnim \u017euto-zelenim provodnikom ili bez njega","og_url":"https:\/\/coptech.rs\/en\/product-offer\/cables-and-conductors\/power-cables\/halogen-free-conductors-and-cables\/nhxhx-bezhalogeni-kabl-sa-poboljsanim-osobinama-u-uslovima-pozara\/","og_site_name":"Coptech","article_modified_time":"2021-02-07T16:29:04+00:00","og_image":[{"width":625,"height":625,"url":"https:\/\/coptech.rs\/wp-content\/uploads\/2020\/12\/image045.jpg","type":"image\/jpeg"}],"twitter_card":"summary_large_image","twitter_misc":{"Est. reading time":"1 minute"},"schema":{"@context":"https:\/\/schema.org","@graph":[{"@type":"WebPage","@id":"https:\/\/coptech.rs\/en\/product-offer\/cables-and-conductors\/power-cables\/halogen-free-conductors-and-cables\/nhxhx-bezhalogeni-kabl-sa-poboljsanim-osobinama-u-uslovima-pozara\/","url":"https:\/\/coptech.rs\/en\/product-offer\/cables-and-conductors\/power-cables\/halogen-free-conductors-and-cables\/nhxhx-bezhalogeni-kabl-sa-poboljsanim-osobinama-u-uslovima-pozara\/","name":"NHXHX \u2013 Bezhalogeni kabl sa pobolj\u0161anim osobinama u uslovima po\u017eara - Coptech","isPartOf":{"@id":"https:\/\/coptech.rs\/#website"},"primaryImageOfPage":{"@id":"https:\/\/coptech.rs\/en\/product-offer\/cables-and-conductors\/power-cables\/halogen-free-conductors-and-cables\/nhxhx-bezhalogeni-kabl-sa-poboljsanim-osobinama-u-uslovima-pozara\/#primaryimage"},"image":{"@id":"https:\/\/coptech.rs\/en\/product-offer\/cables-and-conductors\/power-cables\/halogen-free-conductors-and-cables\/nhxhx-bezhalogeni-kabl-sa-poboljsanim-osobinama-u-uslovima-pozara\/#primaryimage"},"thumbnailUrl":"https:\/\/coptech.rs\/wp-content\/uploads\/2020\/12\/image045.jpg","datePublished":"2020-12-10T11:17:34+00:00","dateModified":"2021-02-07T16:29:04+00:00","breadcrumb":{"@id":"https:\/\/coptech.rs\/en\/product-offer\/cables-and-conductors\/power-cables\/halogen-free-conductors-and-cables\/nhxhx-bezhalogeni-kabl-sa-poboljsanim-osobinama-u-uslovima-pozara\/#breadcrumb"},"inLanguage":"en-US","potentialAction":[{"@type":"ReadAction","target":["https:\/\/coptech.rs\/en\/product-offer\/cables-and-conductors\/power-cables\/halogen-free-conductors-and-cables\/nhxhx-bezhalogeni-kabl-sa-poboljsanim-osobinama-u-uslovima-pozara\/"]}]},{"@type":"ImageObject","inLanguage":"en-US","@id":"https:\/\/coptech.rs\/en\/product-offer\/cables-and-conductors\/power-cables\/halogen-free-conductors-and-cables\/nhxhx-bezhalogeni-kabl-sa-poboljsanim-osobinama-u-uslovima-pozara\/#primaryimage","url":"https:\/\/coptech.rs\/wp-content\/uploads\/2020\/12\/image045.jpg","contentUrl":"https:\/\/coptech.rs\/wp-content\/uploads\/2020\/12\/image045.jpg","width":625,"height":625},{"@type":"BreadcrumbList","@id":"https:\/\/coptech.rs\/en\/product-offer\/cables-and-conductors\/power-cables\/halogen-free-conductors-and-cables\/nhxhx-bezhalogeni-kabl-sa-poboljsanim-osobinama-u-uslovima-pozara\/#breadcrumb","itemListElement":[{"@type":"ListItem","position":1,"name":"Home","item":"https:\/\/coptech.rs\/en\/"},{"@type":"ListItem","position":2,"name":"Ponuda proizvoda","item":"https:\/\/coptech.rs\/ponuda-proizvoda\/"},{"@type":"ListItem","position":3,"name":"NHXHX \u2013 Bezhalogeni kabl sa pobolj\u0161anim osobinama u uslovima po\u017eara"}]},{"@type":"WebSite","@id":"https:\/\/coptech.rs\/#website","url":"https:\/\/coptech.rs\/","name":"Coptech","description":"Coptech kablovi i pribor","publisher":{"@id":"https:\/\/coptech.rs\/#organization"},"potentialAction":[{"@type":"SearchAction","target":{"@type":"EntryPoint","urlTemplate":"https:\/\/coptech.rs\/?s={search_term_string}"},"query-input":{"@type":"PropertyValueSpecification","valueRequired":true,"valueName":"search_term_string"}}],"inLanguage":"en-US"},{"@type":"Organization","@id":"https:\/\/coptech.rs\/#organization","name":"Coptech Beograd","url":"https:\/\/coptech.rs\/","logo":{"@type":"ImageObject","inLanguage":"en-US","@id":"https:\/\/coptech.rs\/#\/schema\/logo\/image\/","url":"https:\/\/coptech.rs\/wp-content\/uploads\/2020\/12\/coptech-logo.png","contentUrl":"https:\/\/coptech.rs\/wp-content\/uploads\/2020\/12\/coptech-logo.png","width":357,"height":200,"caption":"Coptech Beograd"},"image":{"@id":"https:\/\/coptech.rs\/#\/schema\/logo\/image\/"}}]}},"_links":{"self":[{"href":"https:\/\/coptech.rs\/en\/wp-json\/wp\/v2\/product\/2996","targetHints":{"allow":["GET"]}}],"collection":[{"href":"https:\/\/coptech.rs\/en\/wp-json\/wp\/v2\/product"}],"about":[{"href":"https:\/\/coptech.rs\/en\/wp-json\/wp\/v2\/types\/product"}],"wp:featuredmedia":[{"embeddable":true,"href":"https:\/\/coptech.rs\/en\/wp-json\/wp\/v2\/media\/2639"}],"wp:attachment":[{"href":"https:\/\/coptech.rs\/en\/wp-json\/wp\/v2\/media?parent=2996"}],"wp:term":[{"taxonomy":"product_brand","embeddable":true,"href":"https:\/\/coptech.rs\/en\/wp-json\/wp\/v2\/product_brand?post=2996"},{"taxonomy":"product_cat","embeddable":true,"href":"https:\/\/coptech.rs\/en\/wp-json\/wp\/v2\/product_cat?post=2996"},{"taxonomy":"product_tag","embeddable":true,"href":"https:\/\/coptech.rs\/en\/wp-json\/wp\/v2\/product_tag?post=2996"}],"curies":[{"name":"wp","href":"https:\/\/api.w.org\/{rel}","templated":true}]}}