{"id":3496,"date":"2021-03-01T08:30:40","date_gmt":"2021-03-01T08:30:40","guid":{"rendered":"https:\/\/coptech.rs\/reference\/"},"modified":"2021-05-28T06:33:43","modified_gmt":"2021-05-28T06:33:43","slug":"references","status":"publish","type":"page","link":"https:\/\/coptech.rs\/en\/references\/","title":{"rendered":"References"},"content":{"rendered":"<div class=\"wpb-content-wrapper\"><p>[vc_row][vc_column width=&#8221;1\/3&#8243;][vc_column_text text_larger=&#8221;no&#8221;]<\/p>\n<h3>PROJECTS &#8211; doma\u0107i<\/h3>\n<ul>\n<li>Tr\u017eni Centar Kraljevo<\/li>\n<li>Agromarket Indjija<\/li>\n<li>Stop shop Po\u017earevac<\/li>\n<li>Tr\u017eni Centar U\u017eice<\/li>\n<li>Tr\u017eni Centar Nest 2<\/li>\n<li>Elektroradovi na trasi pepelovoda RB Kostolac<\/li>\n<li>Hotel Fontana Vrnja\u010dka Banja<\/li>\n<li>RB Kolubara Radljevo<\/li>\n<li>Trafostanica 33\/220 kV &#8220;Kova\u010dica&#8221;<\/li>\n<li>LOT 3 Rudis RiTE Ugljevik<\/li>\n<li>280\/19-Radovi KB 110KV, NS 5 i NS 7<\/li>\n<li>Pogonske stanice B2000 RB Kolubara<\/li>\n<li>Trafostanica Sombor<\/li>\n<li>Radio televizija Vojvodine<\/li>\n<li>Trafostanica Rudnik 5<\/li>\n<li>Rekonstrukcija atletske staze u Zrenjaninu<\/li>\n<li>Turski tok &#8211; magistralni gasovod<\/li>\n<li>Radovi na izgradnji DV 110kV Bela Crkva \u2013 Veliko Gradi\u0161te<\/li>\n<li>Lear Novi Sad<\/li>\n<li>Baletska \u0161kola Novi Sad<\/li>\n<li>Rafinerija Pan\u010devo<\/li>\n<li>Obilaznica Pan\u010devo<\/li>\n<li>unel Bran\u010di\u0107<\/li>\n<li>Trafostanica Smederevo<\/li>\n<li>Tunel Lipak i \u017deleznik<\/li>\n<li>Fabrika otpadnih voda Krusevac<\/li>\n<li>Tr\u017eni Centar Zvezdara<\/li>\n<li>Rafinerija Pan\u010devo<\/li>\n<li>RB Kostolac TS 110\/6kv Rudnik 4 Drmno<\/li>\n<li>RB Kolubara -JN\/4000\/0300\/2018 Kolubara partija 2<\/li>\n<li>RB Kostolac &#8211; TS 110\/6kV Rudnik 4 i DV 110kV Rudnik 4-RP Drmno<\/li>\n<li>Odsumporavanje faza 1 Tent A<\/li>\n<li>ITS Plava zona<\/li>\n<li>Klini\u010dki Centar Srbije &#8211; Transformatorske stanice 4N i 5N<\/li>\n<li>MTU Nova Pazova<\/li>\n<li>Mitas Ruma<\/li>\n<li>Fabrika de\u010dije hrane Nelt<\/li>\n<li>LING LONG Zrenjanin<\/li>\n<li>Rafinerija nafte Pan\u010devo, Blok 5<\/li>\n<\/ul>\n<p>[\/vc_column_text][\/vc_column][vc_column width=&#8221;1\/3&#8243;][vc_column_text text_larger=&#8221;no&#8221;]<\/p>\n<h3>SERBIAN RAILWAYS<\/h3>\n<ul>\n<li>&#8220;Resnik-Valjevo&#8221;<\/li>\n<li>&#8220;Bujanovac-Bukarevac&#8221;<\/li>\n<li>&#8220;Vranje-Ristovac&#8221;<\/li>\n<li>&#8220;Vinarce-\u0110or\u0111ev&#8221;<\/li>\n<li>&#8220;Golubinci-Ruma&#8221;<\/li>\n<li>&#8220;Mala Krsna-Velika Plana&#8221;<\/li>\n<li>&#8220;Cari\u010dina dolina&#8221;<\/li>\n<li>&#8220;Beograd-Pan\u010devo&#8221;<\/li>\n<li>&#8220;\u017de\u017eeljev most&#8221;<\/li>\n<li>&#8220;Rehabilitacija elektrotehni\u010dke infrastrukture 2018 godine&#8221;<\/li>\n<li>&#8220;Beograd-Stara Pazova&#8221;<\/li>\n<li>&#8220;Beograd centar-Zemun&#8221;<\/li>\n<li>&#8220;Stara Pazova-Novi Sad&#8221;<\/li>\n<li>&#8220;Maki\u0161&#8221;-izgradnja \u017eelezni\u010dkog transportnog terminala<\/li>\n<li>&#8220;Luka Smederevo&#8221;<\/li>\n<li>&#8220;TENT&#8221;<\/li>\n<\/ul>\n<p>[\/vc_column_text][vc_column_text text_larger=&#8221;no&#8221;]<\/p>\n<h3>CROATIAN RAILWAYS<\/h3>\n<ul>\n<li>&#8220;Gradec-\u017dabno&#8221;<\/li>\n<li>&#8220;Dugo selo-Kri\u017eevci&#8221;<\/li>\n<li>&#8220;Ogulin-Moravice&#8221;<\/li>\n<li>&#8220;Greda-Sunja&#8221;<\/li>\n<li>&#8220;Sopnica&#8221;<\/li>\n<\/ul>\n<p>[\/vc_column_text][vc_column_text text_larger=&#8221;no&#8221;]<\/p>\n<h3>SLOVENIAN RAILWAYS<\/h3>\n<ul>\n<li>&#8220;Diva\u010da-Koper&#8221;<\/li>\n<li>&#8220;PES-\u0160entilj&#8221;<\/li>\n<li>&#8220;Maribor-Tezno&#8221;<\/li>\n<li>&#8220;Rimske Toplice-La\u0161ko-Celje&#8221;<\/li>\n<li>&#8220;ERTM\/ETCS&#8221;<\/li>\n<li>&#8220;Zidani Most-\u0160entilj&#8221;<\/li>\n<li>&#8220;WERD&#8221;<\/li>\n<li>&#8220;\u0160u\u0161tanj&#8221;<\/li>\n<li>&#8220;Rijeka-Brajdica<\/li>\n<li>&#8220;Prva\u010dina&#8221;<\/li>\n<li>&#8220;Ormo\u017e&#8221;<\/li>\n<li>&#8220;Grosuplje-Ko\u010devje&#8221;<\/li>\n<li>&#8220;Zidani Most-Rimske Toplice&#8221;<\/li>\n<li>Kranj &#8211; Podnart<\/li>\n<li>Podnart-Le\u0161\u0107e<\/li>\n<li>Karavanke<\/li>\n<li>Jesenice<\/li>\n<\/ul>\n<p>[\/vc_column_text][\/vc_column][vc_column width=&#8221;1\/3&#8243;][vc_column_text text_larger=&#8221;no&#8221;]<\/p>\n<h3>NORTH MACEDONIAN RAILWAYS<\/h3>\n<ul>\n<li>Bitola-Kremnica<\/li>\n<\/ul>\n<p>[\/vc_column_text][vc_column_text text_larger=&#8221;no&#8221;]<\/p>\n<h3>MONTENEGRO RAILWAYS<\/h3>\n<ul>\n<li>&#8220;Vrbnica-Bar&#8221;<\/li>\n<\/ul>\n<p>[\/vc_column_text][vc_column_text text_larger=&#8221;no&#8221;]<\/p>\n<h3>TURKISH RAILWAYS<\/h3>\n<ul>\n<li>&#8220;TECER-KANGAL&#8221;<\/li>\n<\/ul>\n<p>[\/vc_column_text][vc_column_text text_larger=&#8221;no&#8221;]<\/p>\n<h3>PROJECTS<\/h3>\n<ul>\n<li>INA &#8211; Industrija nafte d.d., Rafinerija nafte, Molve<\/li>\n<li>INA &#8211; Industrija nafte d.d., Rafinerija nafte, Rijeka<\/li>\n<li>Rafinerija nafte, Bosanski Brod<\/li>\n<li>Elektroprivreda Kosovo<\/li>\n<li>Telekom, Kosovo<\/li>\n<li>BH Telecom,Sarajevo<\/li>\n<\/ul>\n<p>[\/vc_column_text][\/vc_column][\/vc_row]<\/p>\n<\/div>","protected":false},"excerpt":{"rendered":"<p>[vc_row][vc_column width=&#8221;1\/3&#8243;][vc_column_text text_larger=&#8221;no&#8221;] PROJECTS &#8211; doma\u0107i Tr\u017eni Centar Kraljevo Agromarket Indjija Stop shop Po\u017earevac Tr\u017eni Centar U\u017eice Tr\u017eni Centar Nest<\/p>\n","protected":false},"author":1,"featured_media":0,"parent":0,"menu_order":0,"comment_status":"closed","ping_status":"closed","template":"","meta":{"footnotes":""},"class_list":["post-3496","page","type-page","status-publish","hentry"],"yoast_head":"<!-- This site is optimized with the Yoast SEO plugin v27.3 - https:\/\/yoast.com\/product\/yoast-seo-wordpress\/ -->\n<title>References - Coptech<\/title>\n<meta name=\"robots\" content=\"index, follow, max-snippet:-1, max-image-preview:large, max-video-preview:-1\" \/>\n<link rel=\"canonical\" href=\"https:\/\/coptech.rs\/en\/references\/\" \/>\n<meta property=\"og:locale\" content=\"en_US\" \/>\n<meta property=\"og:type\" content=\"article\" \/>\n<meta property=\"og:title\" content=\"References - Coptech\" \/>\n<meta property=\"og:description\" content=\"[vc_row][vc_column width=&#8221;1\/3&#8243;][vc_column_text text_larger=&#8221;no&#8221;] PROJECTS &#8211; doma\u0107i Tr\u017eni Centar Kraljevo Agromarket Indjija Stop shop Po\u017earevac Tr\u017eni Centar U\u017eice Tr\u017eni Centar Nest\" \/>\n<meta property=\"og:url\" content=\"https:\/\/coptech.rs\/en\/references\/\" \/>\n<meta property=\"og:site_name\" content=\"Coptech\" \/>\n<meta property=\"article:modified_time\" content=\"2021-05-28T06:33:43+00:00\" \/>\n<meta name=\"twitter:card\" content=\"summary_large_image\" \/>\n<meta name=\"twitter:label1\" content=\"Est. reading time\" \/>\n\t<meta name=\"twitter:data1\" content=\"2 minutes\" \/>\n<script type=\"application\/ld+json\" class=\"yoast-schema-graph\">{\"@context\":\"https:\\\/\\\/schema.org\",\"@graph\":[{\"@type\":\"WebPage\",\"@id\":\"https:\\\/\\\/coptech.rs\\\/en\\\/references\\\/\",\"url\":\"https:\\\/\\\/coptech.rs\\\/en\\\/references\\\/\",\"name\":\"References - Coptech\",\"isPartOf\":{\"@id\":\"https:\\\/\\\/coptech.rs\\\/#website\"},\"datePublished\":\"2021-03-01T08:30:40+00:00\",\"dateModified\":\"2021-05-28T06:33:43+00:00\",\"breadcrumb\":{\"@id\":\"https:\\\/\\\/coptech.rs\\\/en\\\/references\\\/#breadcrumb\"},\"inLanguage\":\"en-US\",\"potentialAction\":[{\"@type\":\"ReadAction\",\"target\":[\"https:\\\/\\\/coptech.rs\\\/en\\\/references\\\/\"]}]},{\"@type\":\"BreadcrumbList\",\"@id\":\"https:\\\/\\\/coptech.rs\\\/en\\\/references\\\/#breadcrumb\",\"itemListElement\":[{\"@type\":\"ListItem\",\"position\":1,\"name\":\"Home\",\"item\":\"https:\\\/\\\/coptech.rs\\\/en\\\/\"},{\"@type\":\"ListItem\",\"position\":2,\"name\":\"References\"}]},{\"@type\":\"WebSite\",\"@id\":\"https:\\\/\\\/coptech.rs\\\/#website\",\"url\":\"https:\\\/\\\/coptech.rs\\\/\",\"name\":\"Coptech\",\"description\":\"Coptech kablovi i pribor\",\"publisher\":{\"@id\":\"https:\\\/\\\/coptech.rs\\\/#organization\"},\"potentialAction\":[{\"@type\":\"SearchAction\",\"target\":{\"@type\":\"EntryPoint\",\"urlTemplate\":\"https:\\\/\\\/coptech.rs\\\/?s={search_term_string}\"},\"query-input\":{\"@type\":\"PropertyValueSpecification\",\"valueRequired\":true,\"valueName\":\"search_term_string\"}}],\"inLanguage\":\"en-US\"},{\"@type\":\"Organization\",\"@id\":\"https:\\\/\\\/coptech.rs\\\/#organization\",\"name\":\"Coptech Beograd\",\"url\":\"https:\\\/\\\/coptech.rs\\\/\",\"logo\":{\"@type\":\"ImageObject\",\"inLanguage\":\"en-US\",\"@id\":\"https:\\\/\\\/coptech.rs\\\/#\\\/schema\\\/logo\\\/image\\\/\",\"url\":\"https:\\\/\\\/coptech.rs\\\/wp-content\\\/uploads\\\/2020\\\/12\\\/coptech-logo.png\",\"contentUrl\":\"https:\\\/\\\/coptech.rs\\\/wp-content\\\/uploads\\\/2020\\\/12\\\/coptech-logo.png\",\"width\":357,\"height\":200,\"caption\":\"Coptech Beograd\"},\"image\":{\"@id\":\"https:\\\/\\\/coptech.rs\\\/#\\\/schema\\\/logo\\\/image\\\/\"}}]}<\/script>\n<!-- \/ Yoast SEO plugin. -->","yoast_head_json":{"title":"References - Coptech","robots":{"index":"index","follow":"follow","max-snippet":"max-snippet:-1","max-image-preview":"max-image-preview:large","max-video-preview":"max-video-preview:-1"},"canonical":"https:\/\/coptech.rs\/en\/references\/","og_locale":"en_US","og_type":"article","og_title":"References - Coptech","og_description":"[vc_row][vc_column width=&#8221;1\/3&#8243;][vc_column_text text_larger=&#8221;no&#8221;] PROJECTS &#8211; doma\u0107i Tr\u017eni Centar Kraljevo Agromarket Indjija Stop shop Po\u017earevac Tr\u017eni Centar U\u017eice Tr\u017eni Centar Nest","og_url":"https:\/\/coptech.rs\/en\/references\/","og_site_name":"Coptech","article_modified_time":"2021-05-28T06:33:43+00:00","twitter_card":"summary_large_image","twitter_misc":{"Est. reading time":"2 minutes"},"schema":{"@context":"https:\/\/schema.org","@graph":[{"@type":"WebPage","@id":"https:\/\/coptech.rs\/en\/references\/","url":"https:\/\/coptech.rs\/en\/references\/","name":"References - Coptech","isPartOf":{"@id":"https:\/\/coptech.rs\/#website"},"datePublished":"2021-03-01T08:30:40+00:00","dateModified":"2021-05-28T06:33:43+00:00","breadcrumb":{"@id":"https:\/\/coptech.rs\/en\/references\/#breadcrumb"},"inLanguage":"en-US","potentialAction":[{"@type":"ReadAction","target":["https:\/\/coptech.rs\/en\/references\/"]}]},{"@type":"BreadcrumbList","@id":"https:\/\/coptech.rs\/en\/references\/#breadcrumb","itemListElement":[{"@type":"ListItem","position":1,"name":"Home","item":"https:\/\/coptech.rs\/en\/"},{"@type":"ListItem","position":2,"name":"References"}]},{"@type":"WebSite","@id":"https:\/\/coptech.rs\/#website","url":"https:\/\/coptech.rs\/","name":"Coptech","description":"Coptech kablovi i pribor","publisher":{"@id":"https:\/\/coptech.rs\/#organization"},"potentialAction":[{"@type":"SearchAction","target":{"@type":"EntryPoint","urlTemplate":"https:\/\/coptech.rs\/?s={search_term_string}"},"query-input":{"@type":"PropertyValueSpecification","valueRequired":true,"valueName":"search_term_string"}}],"inLanguage":"en-US"},{"@type":"Organization","@id":"https:\/\/coptech.rs\/#organization","name":"Coptech Beograd","url":"https:\/\/coptech.rs\/","logo":{"@type":"ImageObject","inLanguage":"en-US","@id":"https:\/\/coptech.rs\/#\/schema\/logo\/image\/","url":"https:\/\/coptech.rs\/wp-content\/uploads\/2020\/12\/coptech-logo.png","contentUrl":"https:\/\/coptech.rs\/wp-content\/uploads\/2020\/12\/coptech-logo.png","width":357,"height":200,"caption":"Coptech Beograd"},"image":{"@id":"https:\/\/coptech.rs\/#\/schema\/logo\/image\/"}}]}},"_links":{"self":[{"href":"https:\/\/coptech.rs\/en\/wp-json\/wp\/v2\/pages\/3496","targetHints":{"allow":["GET"]}}],"collection":[{"href":"https:\/\/coptech.rs\/en\/wp-json\/wp\/v2\/pages"}],"about":[{"href":"https:\/\/coptech.rs\/en\/wp-json\/wp\/v2\/types\/page"}],"author":[{"embeddable":true,"href":"https:\/\/coptech.rs\/en\/wp-json\/wp\/v2\/users\/1"}],"replies":[{"embeddable":true,"href":"https:\/\/coptech.rs\/en\/wp-json\/wp\/v2\/comments?post=3496"}],"version-history":[{"count":2,"href":"https:\/\/coptech.rs\/en\/wp-json\/wp\/v2\/pages\/3496\/revisions"}],"predecessor-version":[{"id":3498,"href":"https:\/\/coptech.rs\/en\/wp-json\/wp\/v2\/pages\/3496\/revisions\/3498"}],"wp:attachment":[{"href":"https:\/\/coptech.rs\/en\/wp-json\/wp\/v2\/media?parent=3496"}],"curies":[{"name":"wp","href":"https:\/\/api.w.org\/{rel}","templated":true}]}}