{"id":3129,"date":"2020-12-07T11:08:34","date_gmt":"2020-12-07T11:08:34","guid":{"rendered":"https:\/\/coptech.rs\/?page_id=3129"},"modified":"2021-05-28T09:54:55","modified_gmt":"2021-05-28T09:54:55","slug":"politika-privatnosti-i-pravila-koriscenja","status":"publish","type":"page","link":"https:\/\/coptech.rs\/en\/politika-privatnosti-i-pravila-koriscenja\/","title":{"rendered":"Politika privatnosti i pravila kori\u0161\u0107enja"},"content":{"rendered":"<div class=\"wpb-content-wrapper\"><article id=\"post-8229\" class=\"post-8229 page type-page status-publish hentry\">\n<div class=\"entry-content\">\n<div class=\"vc_row wpb_row vc_row-fluid\">\n<div class=\"wpb_column vc_column_container vc_col-sm-12\">\n<div class=\"vc_column-inner\">\n<div class=\"wpb_wrapper\">\n<div class=\"wpb_text_column wpb_content_element\">\n<div class=\"wpb_wrapper\">\n<p style=\"text-align: justify;\"><strong>Politika privatnosti<\/strong><\/p>\n<p style=\"text-align: justify;\">COPTECH po\u0161tuje privatnost svojih korisnika i posetioca. Podatke iz procesa registracije, kao i ostale podatke o korisniku, COPTECH ne\u0107e davati na uvid tre\u0107oj strani. Podaci o korisniku ne\u0107e biti dostupni tre\u0107oj strani, osim u slu\u010daju kada je takva obaveza regulisana zakonom i u slu\u010daju te\u0161kog kr\u0161enja Uslova kori\u0161\u0107enja.<\/p>\n<p style=\"text-align: justify;\">Sva pitanja, komentari, predlozi i svaki drugi dobrovoljni kontakt od strane korisnika, uklju\u010duju\u0107i sve multimedijalne i druge materijale poslate na COPTECH preko elektronske po\u0161te ili na bilo koji drugi na\u010din, COPTECH ne\u0107e smatrati poverljivim. Ovakvi materijali se dalje mogu koristiti bez ograni\u010denja, na bilo koji na\u010din i u bilo koju svrhu. Korisnik se obavezuje da na sve materijale koje \u0161alje na COPTECH pola\u017ee autorska prava, te da njima ne ugro\u017eava privatnost ili prava drugih lica\/korisnika.<\/p>\n<p style=\"text-align: justify;\">COPTECH se obavezuje da \u0107e sve materijale dobijene od strane korisnika, tretirati sa strogom diskrecijom, te da ih ni pod kojim uslovima ne\u0107e davati na uvid tre\u0107oj strani u obliku koji na bilo koji na\u010din mo\u017ee da se pove\u017ee sa identitetom korisnika.<\/p>\n<p style=\"text-align: justify;\">COPTECH zadr\u017eava pravo da, u skladu sa zakonom, a bez znanja i obave\u0161tanja korisnika, prikuplja odre\u0111ene podatke o korisnicima, dobijene tokom kori\u0161\u0107enja COPTECH sajta. To su isklju\u010divo: podaci o ra\u010dunaru ili drugom pristupnom ure\u0111aju, geografskoj lokaciji, kao i podaci o Internet provajderu. Ove podatkeCOPTECH \u0107e koristiti isklju\u010divo da pobolj\u0161a sadr\u017eaj i dodatno ga usmeri i prilagodi svojim korisnicima.<\/p>\n<p style=\"text-align: justify;\"><strong>Google Analytics<\/strong><\/p>\n<p style=\"text-align: justify;\">Na na\u0161oj veb lokaciji koristimo \u201eGoogle Universal Analitics\u201c kompanije Google LLC, 1600 Amphitheatre Parkvai, Mountain Viev, CA 94043 USA (u daljem tekstu \u201eGoogle\u201c). Primarna svrha Google kola\u010di\u0107a je da analizira pona\u0161anje korisnika na veb lokaciji i na taj na\u010din pojednostavljuje i optimizira upotrebu veb stranice za korisnike.<\/p>\n<p style=\"text-align: justify;\"><strong>Google i Facebook pra\u0107enje konverzija<\/strong><\/p>\n<p style=\"text-align: justify;\">Koristimo uslugu analize \u201ePra\u0107enje konverzija Google\u201c i \u201ePra\u0107enje konverzija Facebook\u201c koju su pru\u017eile kompanije Google i Facebook. Ovo postaje aktivno \u010dim stignete na na\u0161u veb lokaciju putem oglasa koji smo postavili. Google koristi takozvani \u201ekola\u010di\u0107 za konverziju\u201c, putem kojeg mo\u017eemo prepoznati da ste do\u0161li na na\u0161u veb lokaciju putem ogla\u0161avanja. Facebook koristi takozvani \u201eFacebook piksel\u201c. Ovde imate i mogu\u0107nost da odbacite upotrebu kola\u010di\u0107a tako \u0161to \u0107ete napraviti odgovaraju\u0107a pode\u0161avanja u va\u0161em pregleda\u010du.<\/p>\n<p style=\"text-align: justify;\"><strong>Google i Facebook remarketing<\/strong><\/p>\n<p style=\"text-align: justify;\">Koristimo tehnologije remarketinga koje obezbe\u0111uju Google i Facebook za pru\u017eanje ciljanog ogla\u0161avanja korisnicima koji su ve\u0107 posetili na\u0161u veb lokaciju. Prikupljanje i procena korisni\u010dkih podataka vr\u0161i se samo anonimno. Ovde imate i mogu\u0107nost da odbacite upotrebu kola\u010di\u0107a tako \u0161to \u0107ete napraviti odgovaraju\u0107a pode\u0161avanja u va\u0161em pregleda\u010du.<\/p>\n<\/div>\n<\/div>\n<\/div>\n<\/div>\n<\/div>\n<\/div>\n<\/div>\n<\/article>\n<\/div>","protected":false},"excerpt":{"rendered":"<p>Politika privatnosti COPTECH po\u0161tuje privatnost svojih korisnika i posetioca. Podatke iz procesa registracije, kao i ostale podatke o korisniku, COPTECH<\/p>\n","protected":false},"author":1,"featured_media":0,"parent":0,"menu_order":0,"comment_status":"closed","ping_status":"closed","template":"","meta":{"footnotes":""},"class_list":["post-3129","page","type-page","status-publish","hentry"],"yoast_head":"<!-- This site is optimized with the Yoast SEO plugin v27.3 - https:\/\/yoast.com\/product\/yoast-seo-wordpress\/ -->\n<title>Politika privatnosti i pravila kori\u0161\u0107enja - Coptech<\/title>\n<meta name=\"robots\" content=\"index, follow, max-snippet:-1, max-image-preview:large, max-video-preview:-1\" \/>\n<link rel=\"canonical\" href=\"https:\/\/coptech.rs\/en\/politika-privatnosti-i-pravila-koriscenja\/\" \/>\n<meta property=\"og:locale\" content=\"en_US\" \/>\n<meta property=\"og:type\" content=\"article\" \/>\n<meta property=\"og:title\" content=\"Politika privatnosti i pravila kori\u0161\u0107enja - Coptech\" \/>\n<meta property=\"og:description\" content=\"Politika privatnosti COPTECH po\u0161tuje privatnost svojih korisnika i posetioca. Podatke iz procesa registracije, kao i ostale podatke o korisniku, COPTECH\" \/>\n<meta property=\"og:url\" content=\"https:\/\/coptech.rs\/en\/politika-privatnosti-i-pravila-koriscenja\/\" \/>\n<meta property=\"og:site_name\" content=\"Coptech\" \/>\n<meta property=\"article:modified_time\" content=\"2021-05-28T09:54:55+00:00\" \/>\n<meta name=\"twitter:card\" content=\"summary_large_image\" \/>\n<meta name=\"twitter:label1\" content=\"Est. reading time\" \/>\n\t<meta name=\"twitter:data1\" content=\"2 minutes\" \/>\n<script type=\"application\/ld+json\" class=\"yoast-schema-graph\">{\"@context\":\"https:\\\/\\\/schema.org\",\"@graph\":[{\"@type\":\"WebPage\",\"@id\":\"https:\\\/\\\/coptech.rs\\\/en\\\/politika-privatnosti-i-pravila-koriscenja\\\/\",\"url\":\"https:\\\/\\\/coptech.rs\\\/en\\\/politika-privatnosti-i-pravila-koriscenja\\\/\",\"name\":\"Politika privatnosti i pravila kori\u0161\u0107enja - Coptech\",\"isPartOf\":{\"@id\":\"https:\\\/\\\/coptech.rs\\\/#website\"},\"datePublished\":\"2020-12-07T11:08:34+00:00\",\"dateModified\":\"2021-05-28T09:54:55+00:00\",\"breadcrumb\":{\"@id\":\"https:\\\/\\\/coptech.rs\\\/en\\\/politika-privatnosti-i-pravila-koriscenja\\\/#breadcrumb\"},\"inLanguage\":\"en-US\",\"potentialAction\":[{\"@type\":\"ReadAction\",\"target\":[\"https:\\\/\\\/coptech.rs\\\/en\\\/politika-privatnosti-i-pravila-koriscenja\\\/\"]}]},{\"@type\":\"BreadcrumbList\",\"@id\":\"https:\\\/\\\/coptech.rs\\\/en\\\/politika-privatnosti-i-pravila-koriscenja\\\/#breadcrumb\",\"itemListElement\":[{\"@type\":\"ListItem\",\"position\":1,\"name\":\"Home\",\"item\":\"https:\\\/\\\/coptech.rs\\\/en\\\/\"},{\"@type\":\"ListItem\",\"position\":2,\"name\":\"Politika privatnosti i pravila kori\u0161\u0107enja\"}]},{\"@type\":\"WebSite\",\"@id\":\"https:\\\/\\\/coptech.rs\\\/#website\",\"url\":\"https:\\\/\\\/coptech.rs\\\/\",\"name\":\"Coptech\",\"description\":\"Coptech kablovi i pribor\",\"publisher\":{\"@id\":\"https:\\\/\\\/coptech.rs\\\/#organization\"},\"potentialAction\":[{\"@type\":\"SearchAction\",\"target\":{\"@type\":\"EntryPoint\",\"urlTemplate\":\"https:\\\/\\\/coptech.rs\\\/?s={search_term_string}\"},\"query-input\":{\"@type\":\"PropertyValueSpecification\",\"valueRequired\":true,\"valueName\":\"search_term_string\"}}],\"inLanguage\":\"en-US\"},{\"@type\":\"Organization\",\"@id\":\"https:\\\/\\\/coptech.rs\\\/#organization\",\"name\":\"Coptech Beograd\",\"url\":\"https:\\\/\\\/coptech.rs\\\/\",\"logo\":{\"@type\":\"ImageObject\",\"inLanguage\":\"en-US\",\"@id\":\"https:\\\/\\\/coptech.rs\\\/#\\\/schema\\\/logo\\\/image\\\/\",\"url\":\"https:\\\/\\\/coptech.rs\\\/wp-content\\\/uploads\\\/2020\\\/12\\\/coptech-logo.png\",\"contentUrl\":\"https:\\\/\\\/coptech.rs\\\/wp-content\\\/uploads\\\/2020\\\/12\\\/coptech-logo.png\",\"width\":357,\"height\":200,\"caption\":\"Coptech Beograd\"},\"image\":{\"@id\":\"https:\\\/\\\/coptech.rs\\\/#\\\/schema\\\/logo\\\/image\\\/\"}}]}<\/script>\n<!-- \/ Yoast SEO plugin. -->","yoast_head_json":{"title":"Politika privatnosti i pravila kori\u0161\u0107enja - Coptech","robots":{"index":"index","follow":"follow","max-snippet":"max-snippet:-1","max-image-preview":"max-image-preview:large","max-video-preview":"max-video-preview:-1"},"canonical":"https:\/\/coptech.rs\/en\/politika-privatnosti-i-pravila-koriscenja\/","og_locale":"en_US","og_type":"article","og_title":"Politika privatnosti i pravila kori\u0161\u0107enja - Coptech","og_description":"Politika privatnosti COPTECH po\u0161tuje privatnost svojih korisnika i posetioca. Podatke iz procesa registracije, kao i ostale podatke o korisniku, COPTECH","og_url":"https:\/\/coptech.rs\/en\/politika-privatnosti-i-pravila-koriscenja\/","og_site_name":"Coptech","article_modified_time":"2021-05-28T09:54:55+00:00","twitter_card":"summary_large_image","twitter_misc":{"Est. reading time":"2 minutes"},"schema":{"@context":"https:\/\/schema.org","@graph":[{"@type":"WebPage","@id":"https:\/\/coptech.rs\/en\/politika-privatnosti-i-pravila-koriscenja\/","url":"https:\/\/coptech.rs\/en\/politika-privatnosti-i-pravila-koriscenja\/","name":"Politika privatnosti i pravila kori\u0161\u0107enja - Coptech","isPartOf":{"@id":"https:\/\/coptech.rs\/#website"},"datePublished":"2020-12-07T11:08:34+00:00","dateModified":"2021-05-28T09:54:55+00:00","breadcrumb":{"@id":"https:\/\/coptech.rs\/en\/politika-privatnosti-i-pravila-koriscenja\/#breadcrumb"},"inLanguage":"en-US","potentialAction":[{"@type":"ReadAction","target":["https:\/\/coptech.rs\/en\/politika-privatnosti-i-pravila-koriscenja\/"]}]},{"@type":"BreadcrumbList","@id":"https:\/\/coptech.rs\/en\/politika-privatnosti-i-pravila-koriscenja\/#breadcrumb","itemListElement":[{"@type":"ListItem","position":1,"name":"Home","item":"https:\/\/coptech.rs\/en\/"},{"@type":"ListItem","position":2,"name":"Politika privatnosti i pravila kori\u0161\u0107enja"}]},{"@type":"WebSite","@id":"https:\/\/coptech.rs\/#website","url":"https:\/\/coptech.rs\/","name":"Coptech","description":"Coptech kablovi i pribor","publisher":{"@id":"https:\/\/coptech.rs\/#organization"},"potentialAction":[{"@type":"SearchAction","target":{"@type":"EntryPoint","urlTemplate":"https:\/\/coptech.rs\/?s={search_term_string}"},"query-input":{"@type":"PropertyValueSpecification","valueRequired":true,"valueName":"search_term_string"}}],"inLanguage":"en-US"},{"@type":"Organization","@id":"https:\/\/coptech.rs\/#organization","name":"Coptech Beograd","url":"https:\/\/coptech.rs\/","logo":{"@type":"ImageObject","inLanguage":"en-US","@id":"https:\/\/coptech.rs\/#\/schema\/logo\/image\/","url":"https:\/\/coptech.rs\/wp-content\/uploads\/2020\/12\/coptech-logo.png","contentUrl":"https:\/\/coptech.rs\/wp-content\/uploads\/2020\/12\/coptech-logo.png","width":357,"height":200,"caption":"Coptech Beograd"},"image":{"@id":"https:\/\/coptech.rs\/#\/schema\/logo\/image\/"}}]}},"_links":{"self":[{"href":"https:\/\/coptech.rs\/en\/wp-json\/wp\/v2\/pages\/3129","targetHints":{"allow":["GET"]}}],"collection":[{"href":"https:\/\/coptech.rs\/en\/wp-json\/wp\/v2\/pages"}],"about":[{"href":"https:\/\/coptech.rs\/en\/wp-json\/wp\/v2\/types\/page"}],"author":[{"embeddable":true,"href":"https:\/\/coptech.rs\/en\/wp-json\/wp\/v2\/users\/1"}],"replies":[{"embeddable":true,"href":"https:\/\/coptech.rs\/en\/wp-json\/wp\/v2\/comments?post=3129"}],"version-history":[{"count":2,"href":"https:\/\/coptech.rs\/en\/wp-json\/wp\/v2\/pages\/3129\/revisions"}],"predecessor-version":[{"id":3540,"href":"https:\/\/coptech.rs\/en\/wp-json\/wp\/v2\/pages\/3129\/revisions\/3540"}],"wp:attachment":[{"href":"https:\/\/coptech.rs\/en\/wp-json\/wp\/v2\/media?parent=3129"}],"curies":[{"name":"wp","href":"https:\/\/api.w.org\/{rel}","templated":true}]}}