{"id":3127,"date":"2020-12-08T17:21:13","date_gmt":"2020-12-08T17:21:13","guid":{"rendered":"https:\/\/coptech.rs\/kontakt\/"},"modified":"2025-07-02T13:15:41","modified_gmt":"2025-07-02T13:15:41","slug":"contact","status":"publish","type":"page","link":"https:\/\/coptech.rs\/en\/contact\/","title":{"rendered":"Contact"},"content":{"rendered":"<div class=\"wpb-content-wrapper\"><p>[vc_row css_animation=&#8221;none&#8221; css=&#8221;.vc_custom_1496930373879{margin-bottom: 30px !important;padding-right: 5% !important;padding-left: 5% !important;}&#8221;][vc_column css_animation=&#8221;none&#8221; width=&#8221;1\/3&#8243; css=&#8221;.vc_custom_1617606020174{margin-bottom: 20px !important;padding-top: 0px !important;}&#8221; mobile_bg_img_hidden=&#8221;no&#8221; tablet_bg_img_hidden=&#8221;no&#8221; woodmart_parallax=&#8221;0&#8243; woodmart_sticky_column=&#8221;false&#8221; parallax_scroll=&#8221;no&#8221; mobile_reset_margin=&#8221;no&#8221; tablet_reset_margin=&#8221;no&#8221;]\t\t\t<div id=\"wd-60664429cec3e\" class=\"wd-text-block-wrapper wd-wpb wd-rs-60664429cec3e color-scheme-dark text-left vc_custom_1617314866026\">\n\t\t\t\t<div class=\"woodmart-title-container woodmart-text-block reset-last-child font-primary wd-font-weight-600 \">\n\t\t\t\t\tADDRESS\t\t\t\t<\/div>\n\n\t\t\t\t\t\t\t<\/div>\n\t\t[vc_separator color=&#8221;custom&#8221; css=&#8221;.vc_custom_1481478904779{margin-bottom: 10px !important;}&#8221; accent_color=&#8221;#eaeaea&#8221;]\t\t\t<div id=\"wd-686530cf697e1\" class=\"wd-text-block-wrapper wd-wpb wd-rs-686530cf697e1 color-scheme- text-left vc_custom_1751462107535\">\n\t\t\t\t<div class=\"woodmart-title-container woodmart-text-block reset-last-child font-primary wd-font-weight- \">\n\t\t\t\t\t<strong>Main address:<\/strong><br \/>\nPeke Pavlovi\u0107a 16, 11000 Belgrade<br \/>\n<strong>Office address:<\/strong><br \/>\nBulevar Kralja Aleksandra I Kara\u0111or\u0111evi\u0107a 6 (Savska), BW Quartet 2, Ulaz B, 11000 Belgrade<br \/>\n<strong>Business unit address in Jagodina:<\/strong><br \/>\nKneza Lazara 187, 35000 Jagodina\t\t\t\t<\/div>\n\n\t\t\t\t\t\t\t<\/div>\n\t\t[\/vc_column][vc_column css_animation=&#8221;none&#8221; width=&#8221;1\/3&#8243; css=&#8221;.vc_custom_1617606028456{margin-bottom: 20px !important;padding-top: 0px !important;}&#8221; mobile_bg_img_hidden=&#8221;no&#8221; tablet_bg_img_hidden=&#8221;no&#8221; woodmart_parallax=&#8221;0&#8243; woodmart_sticky_column=&#8221;false&#8221; parallax_scroll=&#8221;no&#8221; mobile_reset_margin=&#8221;no&#8221; tablet_reset_margin=&#8221;no&#8221;]\t\t\t<div id=\"wd-606644376be77\" class=\"wd-text-block-wrapper wd-wpb wd-rs-606644376be77 color-scheme-dark text-left vc_custom_1617314879987\">\n\t\t\t\t<div class=\"woodmart-title-container woodmart-text-block reset-last-child font-primary wd-font-weight-600 \">\n\t\t\t\t\tPHONES\t\t\t\t<\/div>\n\n\t\t\t\t\t\t\t<\/div>\n\t\t[vc_separator color=&#8221;custom&#8221; css=&#8221;.vc_custom_1481478904779{margin-bottom: 10px !important;}&#8221; accent_color=&#8221;#eaeaea&#8221;]\t\t\t<div id=\"wd-686530f4681c1\" class=\"wd-text-block-wrapper wd-wpb wd-rs-686530f4681c1 color-scheme- text-left vc_custom_1751462137117\">\n\t\t\t\t<div class=\"woodmart-title-container woodmart-text-block reset-last-child font-primary wd-font-weight- \">\n\t\t\t\t\t+381 11 328 25 10<br \/>\n+381 11 328 25 41\t\t\t\t<\/div>\n\n\t\t\t\t\t\t\t<\/div>\n\t\t[\/vc_column][vc_column css_animation=&#8221;none&#8221; width=&#8221;1\/3&#8243; css=&#8221;.vc_custom_1617606037739{margin-bottom: 20px !important;padding-top: 0px !important;}&#8221; mobile_bg_img_hidden=&#8221;no&#8221; tablet_bg_img_hidden=&#8221;no&#8221; woodmart_parallax=&#8221;0&#8243; woodmart_sticky_column=&#8221;false&#8221; parallax_scroll=&#8221;no&#8221; mobile_reset_margin=&#8221;no&#8221; tablet_reset_margin=&#8221;no&#8221;]\t\t\t<div id=\"wd-69e366de45e29\" class=\"wd-text-block-wrapper wd-wpb color-scheme-dark text-left vc_custom_1535545899627\">\n\t\t\t\t<div class=\"woodmart-title-container woodmart-text-block reset-last-child font-primary wd-font-weight-600 \">\n\t\t\t\t\tEMAIL\t\t\t\t<\/div>\n\n\t\t\t\t\t\t\t<\/div>\n\t\t[vc_separator color=&#8221;custom&#8221; css=&#8221;.vc_custom_1481478904779{margin-bottom: 10px !important;}&#8221; accent_color=&#8221;#eaeaea&#8221;]\t\t\t<div id=\"wd-606643a0d08ac\" class=\"wd-text-block-wrapper wd-wpb wd-rs-606643a0d08ac color-scheme- text-left vc_custom_1617314726121\">\n\t\t\t\t<div class=\"woodmart-title-container woodmart-text-block reset-last-child font-primary wd-font-weight- \">\n\t\t\t\t\tcoptech@sbb.rs<br \/>\ninfo@coptech.rs\t\t\t\t<\/div>\n\n\t\t\t\t\t\t\t<\/div>\n\t\t[\/vc_column][\/vc_row][vc_row mobile_bg_img_hidden=&#8221;no&#8221; tablet_bg_img_hidden=&#8221;no&#8221; woodmart_parallax=&#8221;0&#8243; woodmart_gradient_switch=&#8221;no&#8221; row_reverse_mobile=&#8221;0&#8243; row_reverse_tablet=&#8221;0&#8243; woodmart_disable_overflow=&#8221;0&#8243; css=&#8221;.vc_custom_1614557460226{border-top-width: 2px !important;border-right-width: 2px !important;border-bottom-width: 2px !important;border-left-width: 2px !important;padding-top: 0px !important;padding-right: 0px !important;padding-bottom: 0px !important;padding-left: 0px !important;border-left-color: #f3982e !important;border-left-style: solid !important;border-right-color: #f3982e !important;border-right-style: solid !important;border-top-color: #f3982e !important;border-top-style: solid !important;border-bottom-color: #f3982e !important;border-bottom-style: solid !important;}&#8221;][vc_column css=&#8221;.vc_custom_1607804422822{padding: 0px !important;}&#8221; mobile_bg_img_hidden=&#8221;no&#8221; tablet_bg_img_hidden=&#8221;no&#8221; woodmart_parallax=&#8221;0&#8243; woodmart_sticky_column=&#8221;false&#8221; parallax_scroll=&#8221;no&#8221; mobile_reset_margin=&#8221;no&#8221; tablet_reset_margin=&#8221;no&#8221;][vc_raw_html css=&#8221;.vc_custom_1614326168241{margin-top: 0px !important;margin-right: 0px !important;margin-bottom: 0px !important;margin-left: 0px !important;padding-top: 0px !important;padding-right: 0px !important;padding-bottom: 0px !important;padding-left: 0px !important;}&#8221;]JTNDaWZyYW1lJTIwc3JjJTNEJTIyaHR0cHMlM0ElMkYlMkZ3d3cuZ29vZ2xlLmNvbSUyRm1hcHMlMkZlbWJlZCUzRnBiJTNEJTIxMW0xOCUyMTFtMTIlMjExbTMlMjExZDI4MzAuMjUxNzM0NTUxNDM5MyUyMTJkMjAuNDU2MTEzODE2MTk0NCUyMTNkNDQuODE2NDM1OTg0NDUwMjglMjEybTMlMjExZjAlMjEyZjAlMjEzZjAlMjEzbTIlMjExaTEwMjQlMjEyaTc2OCUyMTRmMTMuMSUyMTNtMyUyMTFtMiUyMTFzMHg0NzVhN2FiMmVmYzlhNmUzJTI1M0EweDYzMDJiZjk2NDA3OTQ0MzMlMjEyejBKclF2ZEMxMExmUXNDRFFuTkM0MFlYUXNOQzQwTHZRc0NBeU1Td2cwSkhRdGRDLTBMUFJnTkN3MExRJTIxNWUwJTIxM20yJTIxMXNzciUyMTJzcnMlMjE0djE2MTQzMjYxNDM3OTUlMjE1bTIlMjExc3NyJTIxMnNycyUyMiUyMHdpZHRoJTNEJTIyMTAwJTI1JTIyJTIwaGVpZ2h0JTNEJTIyMzUwJTIyJTIwc3R5bGUlM0QlMjJib3JkZXIlM0EwJTNCJTIyJTIwYWxsb3dmdWxsc2NyZWVuJTNEJTIyJTIyJTIwbG9hZGluZyUzRCUyMmxhenklMjIlM0UlM0MlMkZpZnJhbWUlM0U=[\/vc_raw_html][\/vc_column][\/vc_row][vc_row][vc_column width=&#8221;1\/6&#8243;][\/vc_column][vc_column width=&#8221;2\/3&#8243;]\n<div class=\"wpcf7 no-js\" id=\"wpcf7-f3471-o1\" lang=\"en-US\" dir=\"ltr\" data-wpcf7-id=\"3471\">\n<div class=\"screen-reader-response\"><p role=\"status\" aria-live=\"polite\" aria-atomic=\"true\"><\/p> <ul><\/ul><\/div>\n<form action=\"\/en\/wp-json\/wp\/v2\/pages\/3127#wpcf7-f3471-o1\" method=\"post\" class=\"wpcf7-form init\" aria-label=\"Contact form\" novalidate=\"novalidate\" data-status=\"init\">\n<fieldset class=\"hidden-fields-container\"><input type=\"hidden\" name=\"_wpcf7\" value=\"3471\" \/><input type=\"hidden\" name=\"_wpcf7_version\" value=\"6.1.5\" \/><input type=\"hidden\" name=\"_wpcf7_locale\" value=\"en_US\" \/><input type=\"hidden\" name=\"_wpcf7_unit_tag\" value=\"wpcf7-f3471-o1\" \/><input type=\"hidden\" name=\"_wpcf7_container_post\" value=\"0\" \/><input type=\"hidden\" name=\"_wpcf7_posted_data_hash\" value=\"\" \/><input type=\"hidden\" name=\"_wpcf7_recaptcha_response\" value=\"\" \/>\n<\/fieldset>\n<p><label> Your name<br \/>\n<span class=\"wpcf7-form-control-wrap\" data-name=\"your-name\"><input size=\"40\" maxlength=\"400\" class=\"wpcf7-form-control wpcf7-text wpcf7-validates-as-required\" aria-required=\"true\" aria-invalid=\"false\" value=\"\" type=\"text\" name=\"your-name\" \/><\/span> <\/label>\n<\/p>\n<p><label> Your email<br \/>\n<span class=\"wpcf7-form-control-wrap\" data-name=\"your-email\"><input size=\"40\" maxlength=\"400\" class=\"wpcf7-form-control wpcf7-email wpcf7-validates-as-required wpcf7-text wpcf7-validates-as-email\" aria-required=\"true\" aria-invalid=\"false\" value=\"\" type=\"email\" name=\"your-email\" \/><\/span> <\/label>\n<\/p>\n<p><label> Subject<br \/>\n<span class=\"wpcf7-form-control-wrap\" data-name=\"your-subject\"><input size=\"40\" maxlength=\"400\" class=\"wpcf7-form-control wpcf7-text wpcf7-validates-as-required\" aria-required=\"true\" aria-invalid=\"false\" value=\"\" type=\"text\" name=\"your-subject\" \/><\/span> <\/label>\n<\/p>\n<p><label> Message (optional)<br \/>\n<span class=\"wpcf7-form-control-wrap\" data-name=\"your-message\"><textarea cols=\"40\" rows=\"10\" maxlength=\"2000\" class=\"wpcf7-form-control wpcf7-textarea\" aria-invalid=\"false\" name=\"your-message\"><\/textarea><\/span> <\/label>\n<\/p>\n<p><input class=\"wpcf7-form-control wpcf7-submit has-spinner\" type=\"submit\" value=\"Send\" \/>\n<\/p><p style=\"display: none !important;\" class=\"akismet-fields-container\" data-prefix=\"_wpcf7_ak_\"><label>&#916;<textarea name=\"_wpcf7_ak_hp_textarea\" cols=\"45\" rows=\"8\" maxlength=\"100\"><\/textarea><\/label><input type=\"hidden\" id=\"ak_js_1\" name=\"_wpcf7_ak_js\" value=\"151\"\/><script>document.getElementById( \"ak_js_1\" ).setAttribute( \"value\", ( new Date() ).getTime() );<\/script><\/p><div class=\"wpcf7-response-output\" aria-hidden=\"true\"><\/div>\n<\/form>\n<\/div>\n[\/vc_column][vc_column width=&#8221;1\/6&#8243;][\/vc_column][\/vc_row]<\/p>\n<\/div>","protected":false},"excerpt":{"rendered":"<p>[vc_row css_animation=&#8221;none&#8221; css=&#8221;.vc_custom_1496930373879{margin-bottom: 30px !important;padding-right: 5% !important;padding-left: 5% !important;}&#8221;][vc_column css_animation=&#8221;none&#8221; width=&#8221;1\/3&#8243; css=&#8221;.vc_custom_1617606020174{margin-bottom: 20px !important;padding-top: 0px !important;}&#8221; mobile_bg_img_hidden=&#8221;no&#8221; tablet_bg_img_hidden=&#8221;no&#8221; woodmart_parallax=&#8221;0&#8243; woodmart_sticky_column=&#8221;false&#8221;<\/p>\n","protected":false},"author":1,"featured_media":0,"parent":0,"menu_order":0,"comment_status":"closed","ping_status":"closed","template":"","meta":{"footnotes":""},"class_list":["post-3127","page","type-page","status-publish","hentry"],"yoast_head":"<!-- This site is optimized with the Yoast SEO plugin v27.3 - https:\/\/yoast.com\/product\/yoast-seo-wordpress\/ -->\n<title>Contact - Coptech<\/title>\n<meta name=\"robots\" content=\"index, follow, max-snippet:-1, max-image-preview:large, max-video-preview:-1\" \/>\n<link rel=\"canonical\" href=\"https:\/\/coptech.rs\/en\/contact\/\" \/>\n<meta property=\"og:locale\" content=\"en_US\" \/>\n<meta property=\"og:type\" content=\"article\" \/>\n<meta property=\"og:title\" content=\"Contact - Coptech\" \/>\n<meta property=\"og:description\" content=\"[vc_row css_animation=&#8221;none&#8221; css=&#8221;.vc_custom_1496930373879{margin-bottom: 30px !important;padding-right: 5% !important;padding-left: 5% !important;}&#8221;][vc_column css_animation=&#8221;none&#8221; width=&#8221;1\/3&#8243; css=&#8221;.vc_custom_1617606020174{margin-bottom: 20px !important;padding-top: 0px !important;}&#8221; mobile_bg_img_hidden=&#8221;no&#8221; tablet_bg_img_hidden=&#8221;no&#8221; woodmart_parallax=&#8221;0&#8243; woodmart_sticky_column=&#8221;false&#8221;\" \/>\n<meta property=\"og:url\" content=\"https:\/\/coptech.rs\/en\/contact\/\" \/>\n<meta property=\"og:site_name\" content=\"Coptech\" \/>\n<meta property=\"article:modified_time\" content=\"2025-07-02T13:15:41+00:00\" \/>\n<meta name=\"twitter:card\" content=\"summary_large_image\" \/>\n<meta name=\"twitter:label1\" content=\"Est. reading time\" \/>\n\t<meta name=\"twitter:data1\" content=\"2 minutes\" \/>\n<script type=\"application\/ld+json\" class=\"yoast-schema-graph\">{\"@context\":\"https:\\\/\\\/schema.org\",\"@graph\":[{\"@type\":\"WebPage\",\"@id\":\"https:\\\/\\\/coptech.rs\\\/en\\\/contact\\\/\",\"url\":\"https:\\\/\\\/coptech.rs\\\/en\\\/contact\\\/\",\"name\":\"Contact - Coptech\",\"isPartOf\":{\"@id\":\"https:\\\/\\\/coptech.rs\\\/#website\"},\"datePublished\":\"2020-12-08T17:21:13+00:00\",\"dateModified\":\"2025-07-02T13:15:41+00:00\",\"breadcrumb\":{\"@id\":\"https:\\\/\\\/coptech.rs\\\/en\\\/contact\\\/#breadcrumb\"},\"inLanguage\":\"en-US\",\"potentialAction\":[{\"@type\":\"ReadAction\",\"target\":[\"https:\\\/\\\/coptech.rs\\\/en\\\/contact\\\/\"]}]},{\"@type\":\"BreadcrumbList\",\"@id\":\"https:\\\/\\\/coptech.rs\\\/en\\\/contact\\\/#breadcrumb\",\"itemListElement\":[{\"@type\":\"ListItem\",\"position\":1,\"name\":\"Home\",\"item\":\"https:\\\/\\\/coptech.rs\\\/en\\\/\"},{\"@type\":\"ListItem\",\"position\":2,\"name\":\"Contact\"}]},{\"@type\":\"WebSite\",\"@id\":\"https:\\\/\\\/coptech.rs\\\/#website\",\"url\":\"https:\\\/\\\/coptech.rs\\\/\",\"name\":\"Coptech\",\"description\":\"Coptech kablovi i pribor\",\"publisher\":{\"@id\":\"https:\\\/\\\/coptech.rs\\\/#organization\"},\"potentialAction\":[{\"@type\":\"SearchAction\",\"target\":{\"@type\":\"EntryPoint\",\"urlTemplate\":\"https:\\\/\\\/coptech.rs\\\/?s={search_term_string}\"},\"query-input\":{\"@type\":\"PropertyValueSpecification\",\"valueRequired\":true,\"valueName\":\"search_term_string\"}}],\"inLanguage\":\"en-US\"},{\"@type\":\"Organization\",\"@id\":\"https:\\\/\\\/coptech.rs\\\/#organization\",\"name\":\"Coptech Beograd\",\"url\":\"https:\\\/\\\/coptech.rs\\\/\",\"logo\":{\"@type\":\"ImageObject\",\"inLanguage\":\"en-US\",\"@id\":\"https:\\\/\\\/coptech.rs\\\/#\\\/schema\\\/logo\\\/image\\\/\",\"url\":\"https:\\\/\\\/coptech.rs\\\/wp-content\\\/uploads\\\/2020\\\/12\\\/coptech-logo.png\",\"contentUrl\":\"https:\\\/\\\/coptech.rs\\\/wp-content\\\/uploads\\\/2020\\\/12\\\/coptech-logo.png\",\"width\":357,\"height\":200,\"caption\":\"Coptech Beograd\"},\"image\":{\"@id\":\"https:\\\/\\\/coptech.rs\\\/#\\\/schema\\\/logo\\\/image\\\/\"}}]}<\/script>\n<!-- \/ Yoast SEO plugin. -->","yoast_head_json":{"title":"Contact - Coptech","robots":{"index":"index","follow":"follow","max-snippet":"max-snippet:-1","max-image-preview":"max-image-preview:large","max-video-preview":"max-video-preview:-1"},"canonical":"https:\/\/coptech.rs\/en\/contact\/","og_locale":"en_US","og_type":"article","og_title":"Contact - Coptech","og_description":"[vc_row css_animation=&#8221;none&#8221; css=&#8221;.vc_custom_1496930373879{margin-bottom: 30px !important;padding-right: 5% !important;padding-left: 5% !important;}&#8221;][vc_column css_animation=&#8221;none&#8221; width=&#8221;1\/3&#8243; css=&#8221;.vc_custom_1617606020174{margin-bottom: 20px !important;padding-top: 0px !important;}&#8221; mobile_bg_img_hidden=&#8221;no&#8221; tablet_bg_img_hidden=&#8221;no&#8221; woodmart_parallax=&#8221;0&#8243; woodmart_sticky_column=&#8221;false&#8221;","og_url":"https:\/\/coptech.rs\/en\/contact\/","og_site_name":"Coptech","article_modified_time":"2025-07-02T13:15:41+00:00","twitter_card":"summary_large_image","twitter_misc":{"Est. reading time":"2 minutes"},"schema":{"@context":"https:\/\/schema.org","@graph":[{"@type":"WebPage","@id":"https:\/\/coptech.rs\/en\/contact\/","url":"https:\/\/coptech.rs\/en\/contact\/","name":"Contact - Coptech","isPartOf":{"@id":"https:\/\/coptech.rs\/#website"},"datePublished":"2020-12-08T17:21:13+00:00","dateModified":"2025-07-02T13:15:41+00:00","breadcrumb":{"@id":"https:\/\/coptech.rs\/en\/contact\/#breadcrumb"},"inLanguage":"en-US","potentialAction":[{"@type":"ReadAction","target":["https:\/\/coptech.rs\/en\/contact\/"]}]},{"@type":"BreadcrumbList","@id":"https:\/\/coptech.rs\/en\/contact\/#breadcrumb","itemListElement":[{"@type":"ListItem","position":1,"name":"Home","item":"https:\/\/coptech.rs\/en\/"},{"@type":"ListItem","position":2,"name":"Contact"}]},{"@type":"WebSite","@id":"https:\/\/coptech.rs\/#website","url":"https:\/\/coptech.rs\/","name":"Coptech","description":"Coptech kablovi i pribor","publisher":{"@id":"https:\/\/coptech.rs\/#organization"},"potentialAction":[{"@type":"SearchAction","target":{"@type":"EntryPoint","urlTemplate":"https:\/\/coptech.rs\/?s={search_term_string}"},"query-input":{"@type":"PropertyValueSpecification","valueRequired":true,"valueName":"search_term_string"}}],"inLanguage":"en-US"},{"@type":"Organization","@id":"https:\/\/coptech.rs\/#organization","name":"Coptech Beograd","url":"https:\/\/coptech.rs\/","logo":{"@type":"ImageObject","inLanguage":"en-US","@id":"https:\/\/coptech.rs\/#\/schema\/logo\/image\/","url":"https:\/\/coptech.rs\/wp-content\/uploads\/2020\/12\/coptech-logo.png","contentUrl":"https:\/\/coptech.rs\/wp-content\/uploads\/2020\/12\/coptech-logo.png","width":357,"height":200,"caption":"Coptech Beograd"},"image":{"@id":"https:\/\/coptech.rs\/#\/schema\/logo\/image\/"}}]}},"_links":{"self":[{"href":"https:\/\/coptech.rs\/en\/wp-json\/wp\/v2\/pages\/3127","targetHints":{"allow":["GET"]}}],"collection":[{"href":"https:\/\/coptech.rs\/en\/wp-json\/wp\/v2\/pages"}],"about":[{"href":"https:\/\/coptech.rs\/en\/wp-json\/wp\/v2\/types\/page"}],"author":[{"embeddable":true,"href":"https:\/\/coptech.rs\/en\/wp-json\/wp\/v2\/users\/1"}],"replies":[{"embeddable":true,"href":"https:\/\/coptech.rs\/en\/wp-json\/wp\/v2\/comments?post=3127"}],"version-history":[{"count":17,"href":"https:\/\/coptech.rs\/en\/wp-json\/wp\/v2\/pages\/3127\/revisions"}],"predecessor-version":[{"id":3883,"href":"https:\/\/coptech.rs\/en\/wp-json\/wp\/v2\/pages\/3127\/revisions\/3883"}],"wp:attachment":[{"href":"https:\/\/coptech.rs\/en\/wp-json\/wp\/v2\/media?parent=3127"}],"curies":[{"name":"wp","href":"https:\/\/api.w.org\/{rel}","templated":true}]}}